{"id":2134,"date":"2021-08-13T07:53:45","date_gmt":"2021-08-13T07:53:45","guid":{"rendered":"https:\/\/wdsteelworks.fi\/?page_id=2134"},"modified":"2024-05-07T06:22:52","modified_gmt":"2024-05-07T06:22:52","slug":"kontakter","status":"publish","type":"page","link":"https:\/\/wdsteelworks.fi\/sv\/kontakter\/","title":{"rendered":"Kontakt"},"content":{"rendered":"\n<div class=\"wp-block-columns is-layout-flex wp-container-core-columns-is-layout-28f84493 wp-block-columns-is-layout-flex\">\n<div class=\"wp-block-column is-layout-flow wp-block-column-is-layout-flow\">\n<p><strong>WD St\u00e5lverk Oy<\/strong><br>Ilmarisentie 48, 07910 VALKO<\/p>\n\n\n\n<p><a href=\"mailto:info@wdsteelworks.fi\">info@wdsteelworks.fi<\/a><br><a href=\"mailto:vesileikkaus@wdsteelworks.fi\">vesileikkaus@wdsteelworks.fi<\/a><\/p>\n\n\n\n<p><em>Vi har \u00f6ppet p\u00e5 vardagar kl. 7.30-16.00.<\/em><br>Du kan hitta oss i Lovisa, i Troolis hamn i Valko<\/p>\n<\/div>\n\n\n\n<div class=\"wp-block-column is-layout-flow wp-block-column-is-layout-flow\">\n<p>\u200bBusiness ID: 2695363-5<br>VAT: FI26953635<\/p>\n\n\n\n<p>E-Invoice address: 003726953635<br>Operat\u00f6rsID: 003721291126 (Maventa)<\/p>\n\n\n\n<p>SWIFT\/BIC: OKOYFIHH <br>IBAN: FI06 5017 5020 0092 46<\/p>\n<\/div>\n<\/div>\n\n\n\n<div class=\"wp-block-columns is-layout-flex wp-container-core-columns-is-layout-28f84493 wp-block-columns-is-layout-flex\">\n<div class=\"wp-block-column is-layout-flow wp-block-column-is-layout-flow\">\n<figure class=\"wp-block-image size-large\"><img loading=\"lazy\" decoding=\"async\" width=\"1024\" height=\"743\" src=\"https:\/\/wdsteelworks.fi\/wp-content\/uploads\/2024\/05\/daija-1024x743.jpg\" alt=\"\" class=\"wp-image-2684\" srcset=\"https:\/\/wdsteelworks.fi\/wp-content\/uploads\/2024\/05\/daija-1024x743.jpg 1024w, https:\/\/wdsteelworks.fi\/wp-content\/uploads\/2024\/05\/daija-300x218.jpg 300w, https:\/\/wdsteelworks.fi\/wp-content\/uploads\/2024\/05\/daija-768x557.jpg 768w, https:\/\/wdsteelworks.fi\/wp-content\/uploads\/2024\/05\/daija-1536x1115.jpg 1536w, https:\/\/wdsteelworks.fi\/wp-content\/uploads\/2024\/05\/daija.jpg 1600w\" sizes=\"auto, (max-width: 1024px) 100vw, 1024px\" \/><\/figure>\n\n\n\n<p><strong>Daniel Tikander <\/strong><br><a href=\"mailto:daniel.tikander@wdsteelworks.fi\">daniel.tikander@wdsteelworks.fi<\/a> <br>+358 44 295 6089<br>&#8211; <em>Svetsning och maskinbearbetning<br>&#8211; Motorer och fordon<br>&#8211; B\u00e5tindustri<\/em><\/p>\n<\/div>\n\n\n\n<div class=\"wp-block-column is-layout-flow wp-block-column-is-layout-flow\">\n<figure class=\"wp-block-image size-large\"><img loading=\"lazy\" decoding=\"async\" width=\"1024\" height=\"743\" src=\"https:\/\/wdsteelworks.fi\/wp-content\/uploads\/2024\/05\/wille-1024x743.jpg\" alt=\"\" class=\"wp-image-2687\" srcset=\"https:\/\/wdsteelworks.fi\/wp-content\/uploads\/2024\/05\/wille-1024x743.jpg 1024w, https:\/\/wdsteelworks.fi\/wp-content\/uploads\/2024\/05\/wille-300x218.jpg 300w, https:\/\/wdsteelworks.fi\/wp-content\/uploads\/2024\/05\/wille-768x557.jpg 768w, https:\/\/wdsteelworks.fi\/wp-content\/uploads\/2024\/05\/wille-1536x1115.jpg 1536w, https:\/\/wdsteelworks.fi\/wp-content\/uploads\/2024\/05\/wille.jpg 1600w\" sizes=\"auto, (max-width: 1024px) 100vw, 1024px\" \/><\/figure>\n\n\n\n<p><strong>Wille T\u00f6rnqvist<\/strong><br><a href=\"mailto:wille.tornqvist@wdsteelworks.fi\">wille.tornqvist@wdsteelworks.fi<\/a><br>+358 40 585 0476<br><em>&#8211; Pl\u00e5tslageriarbete<br>&#8211; VVS-arbete<\/em><br>&#8211; <em>Tung utrustning<\/em><\/p>\n<\/div>\n<\/div>\n\n\n\n<figure class=\"wp-block-gallery has-nested-images columns-default is-cropped wp-block-gallery-1 is-layout-flex wp-block-gallery-is-layout-flex\">\n<figure class=\"wp-block-image size-large\"><a href=\"https:\/\/wdsteelworks.fi\/wp-content\/uploads\/2020\/07\/yhteys3.jpg\"><img loading=\"lazy\" decoding=\"async\" width=\"1024\" height=\"768\" data-id=\"786\" src=\"https:\/\/wdsteelworks.fi\/wp-content\/uploads\/2020\/07\/yhteys3-1024x768.jpg\" alt=\"\" class=\"wp-image-786\" srcset=\"https:\/\/wdsteelworks.fi\/wp-content\/uploads\/2020\/07\/yhteys3-1024x768.jpg 1024w, https:\/\/wdsteelworks.fi\/wp-content\/uploads\/2020\/07\/yhteys3-300x225.jpg 300w, https:\/\/wdsteelworks.fi\/wp-content\/uploads\/2020\/07\/yhteys3-768x576.jpg 768w, https:\/\/wdsteelworks.fi\/wp-content\/uploads\/2020\/07\/yhteys3.jpg 1080w\" sizes=\"auto, (max-width: 1024px) 100vw, 1024px\" \/><\/a><\/figure>\n\n\n\n<figure class=\"wp-block-image size-large\"><a href=\"https:\/\/wdsteelworks.fi\/wp-content\/uploads\/2024\/05\/tehdas-1024x745.jpg\"><img loading=\"lazy\" decoding=\"async\" width=\"1024\" height=\"745\" data-id=\"2678\" src=\"https:\/\/wdsteelworks.fi\/wp-content\/uploads\/2024\/05\/tehdas-1024x745.jpg\" alt=\"\" class=\"wp-image-2678\" srcset=\"https:\/\/wdsteelworks.fi\/wp-content\/uploads\/2024\/05\/tehdas-1024x745.jpg 1024w, https:\/\/wdsteelworks.fi\/wp-content\/uploads\/2024\/05\/tehdas-300x218.jpg 300w, https:\/\/wdsteelworks.fi\/wp-content\/uploads\/2024\/05\/tehdas-768x558.jpg 768w, https:\/\/wdsteelworks.fi\/wp-content\/uploads\/2024\/05\/tehdas.jpg 1371w\" sizes=\"auto, (max-width: 1024px) 100vw, 1024px\" \/><\/a><\/figure>\n\n\n\n<figure class=\"wp-block-image size-large\"><a href=\"https:\/\/wdsteelworks.fi\/wp-content\/uploads\/2020\/04\/Konecranes-WDsteelworks-Loviisa-img-HR-2-scaled.jpg\"><img loading=\"lazy\" decoding=\"async\" width=\"701\" height=\"1024\" data-id=\"649\" src=\"https:\/\/wdsteelworks.fi\/wp-content\/uploads\/2020\/04\/Konecranes-WDsteelworks-Loviisa-img-HR-2-701x1024.jpg\" alt=\"\" class=\"wp-image-649\" srcset=\"https:\/\/wdsteelworks.fi\/wp-content\/uploads\/2020\/04\/Konecranes-WDsteelworks-Loviisa-img-HR-2-701x1024.jpg 701w, https:\/\/wdsteelworks.fi\/wp-content\/uploads\/2020\/04\/Konecranes-WDsteelworks-Loviisa-img-HR-2-205x300.jpg 205w, https:\/\/wdsteelworks.fi\/wp-content\/uploads\/2020\/04\/Konecranes-WDsteelworks-Loviisa-img-HR-2-768x1122.jpg 768w, https:\/\/wdsteelworks.fi\/wp-content\/uploads\/2020\/04\/Konecranes-WDsteelworks-Loviisa-img-HR-2-1052x1536.jpg 1052w, https:\/\/wdsteelworks.fi\/wp-content\/uploads\/2020\/04\/Konecranes-WDsteelworks-Loviisa-img-HR-2-1402x2048.jpg 1402w, https:\/\/wdsteelworks.fi\/wp-content\/uploads\/2020\/04\/Konecranes-WDsteelworks-Loviisa-img-HR-2-scaled.jpg 1753w\" sizes=\"auto, (max-width: 701px) 100vw, 701px\" \/><\/a><\/figure>\n<\/figure>\n\n\n\n<div class=\"wp-block-group is-nowrap is-layout-flex wp-container-core-group-is-layout-6c531013 wp-block-group-is-layout-flex\">\n<div class=\"wp-block-group has-global-padding is-layout-constrained wp-block-group-is-layout-constrained\">\n<h3 class=\"wp-block-heading\">Lunch i Valko p\u00e5 WD&#8217;s Diner<\/h3>\n\n\n\n<p>I samma byggnad hittar du ocks\u00e5 lunchrestaurangen <a href=\"https:\/\/wddiner.fi\/\">WD&#8217;s Diner<\/a><\/p>\n<\/div>\n\n\n\n<figure class=\"wp-block-image size-large is-resized\"><a href=\"https:\/\/wddiner.fi\/\"><img loading=\"lazy\" decoding=\"async\" width=\"1024\" height=\"847\" src=\"https:\/\/wdsteelworks.fi\/wp-content\/uploads\/2020\/07\/wddiner-1024x847.png\" alt=\"\" class=\"wp-image-837\" style=\"aspect-ratio:1.2061855670103092;width:192px;height:auto\" srcset=\"https:\/\/wdsteelworks.fi\/wp-content\/uploads\/2020\/07\/wddiner-1024x847.png 1024w, https:\/\/wdsteelworks.fi\/wp-content\/uploads\/2020\/07\/wddiner-300x248.png 300w, https:\/\/wdsteelworks.fi\/wp-content\/uploads\/2020\/07\/wddiner-768x636.png 768w, https:\/\/wdsteelworks.fi\/wp-content\/uploads\/2020\/07\/wddiner.png 1450w\" sizes=\"auto, (max-width: 1024px) 100vw, 1024px\" \/><\/a><\/figure>\n<\/div>\n\n\n\n<p><\/p>\n","protected":false},"excerpt":{"rendered":"<p>WD St\u00e5lverk OyIlmarisentie 48, 07910 VALKO info@wdsteelworks.fivesileikkaus@wdsteelworks.fi Vi har \u00f6ppet p\u00e5 vardagar kl. 7.30-16.00.Du kan hitta oss i Lovisa, i Troolis hamn i Valko \u200bBusiness ID: 2695363-5VAT: FI26953635 E-Invoice address: 003726953635Operat\u00f6rsID: 003721291126 (Maventa) SWIFT\/BIC: OKOYFIHH IBAN: FI06 5017 5020 0092 46 Daniel Tikander daniel.tikander@wdsteelworks.fi +358 44 295 6089&#8211; Svetsning och maskinbearbetning&#8211; Motorer och fordon&#8211; B\u00e5tindustri [&hellip;]<\/p>\n","protected":false},"author":1,"featured_media":0,"parent":0,"menu_order":3,"comment_status":"closed","ping_status":"closed","template":"","meta":{"footnotes":""},"class_list":["post-2134","page","type-page","status-publish","hentry"],"_links":{"self":[{"href":"https:\/\/wdsteelworks.fi\/sv\/wp-json\/wp\/v2\/pages\/2134","targetHints":{"allow":["GET"]}}],"collection":[{"href":"https:\/\/wdsteelworks.fi\/sv\/wp-json\/wp\/v2\/pages"}],"about":[{"href":"https:\/\/wdsteelworks.fi\/sv\/wp-json\/wp\/v2\/types\/page"}],"author":[{"embeddable":true,"href":"https:\/\/wdsteelworks.fi\/sv\/wp-json\/wp\/v2\/users\/1"}],"replies":[{"embeddable":true,"href":"https:\/\/wdsteelworks.fi\/sv\/wp-json\/wp\/v2\/comments?post=2134"}],"version-history":[{"count":7,"href":"https:\/\/wdsteelworks.fi\/sv\/wp-json\/wp\/v2\/pages\/2134\/revisions"}],"predecessor-version":[{"id":2947,"href":"https:\/\/wdsteelworks.fi\/sv\/wp-json\/wp\/v2\/pages\/2134\/revisions\/2947"}],"wp:attachment":[{"href":"https:\/\/wdsteelworks.fi\/sv\/wp-json\/wp\/v2\/media?parent=2134"}],"curies":[{"name":"wp","href":"https:\/\/api.w.org\/{rel}","templated":true}]}}