{"id":2124,"date":"2021-08-13T07:53:14","date_gmt":"2021-08-13T07:53:14","guid":{"rendered":"https:\/\/wdsteelworks.fi\/?page_id=2124"},"modified":"2024-05-14T19:28:19","modified_gmt":"2024-05-14T19:28:19","slug":"prototyptjanster-och-design","status":"publish","type":"page","link":"https:\/\/wdsteelworks.fi\/sv\/tjanster\/prototyptjanster-och-design\/","title":{"rendered":"Prototypframtagning och Design"},"content":{"rendered":"\n<p>Den m\u00e5ngsidiga\nflotta och v\u00e5rt n\u00e4tverk av partners g\u00f6r att vi kan leverera prototyper och\nenskilda objekt p\u00e5 ett effektivt s\u00e4tt. Tack vare v\u00e5r flexibla service kommer vi att\nom n\u00f6dv\u00e4ndigt, f\u00f6r att identifiera behovet och utforma och f\u00f6rbereda\nen l\u00f6sning p\u00e5 det.<\/p>\n\n<p>Vi erbjuder ocks\u00e5 designtj\u00e4nster f\u00f6r metallkonstruktioner och -delar. Baserat p\u00e5 v\u00e5r gedigna erfarenhet kan vi ocks\u00e5 l\u00f6sa tillverkningsutmaningar och rekommendera effektiva konstruktionsl\u00f6sningar f\u00f6r dina behov! Vi kan ocks\u00e5 st\u00f6dja din egen design med v\u00e5ra tillverkningsstyrkor, om s\u00e5 kr\u00e4vs.<\/p>\n\n<p>Vi anv\u00e4nder SolidWorks, Fusion 360 och FEM-programvara f\u00f6r konstruktion. Om s\u00e5 \u00f6nskas f\u00e5r du projektritningar och tillverkningsspecifikationer f\u00f6r vidare bearbetning f\u00f6r ditt bruk.<\/p>\n\n<figure class=\"wp-block-gallery has-nested-images columns-default is-cropped wp-block-gallery-1 is-layout-flex wp-block-gallery-is-layout-flex\">\n<figure class=\"wp-block-image size-medium\"><a href=\"https:\/\/wdsteelworks.fi\/wp-content\/uploads\/2020\/04\/CAD_model_and_CNC_machined_part-1.png\"><img loading=\"lazy\" decoding=\"async\" width=\"233\" height=\"300\" data-id=\"636\" src=\"https:\/\/wdsteelworks.fi\/wp-content\/uploads\/2020\/04\/CAD_model_and_CNC_machined_part-1-233x300.png\" alt=\"\" class=\"wp-image-636\" srcset=\"https:\/\/wdsteelworks.fi\/wp-content\/uploads\/2020\/04\/CAD_model_and_CNC_machined_part-1-233x300.png 233w, https:\/\/wdsteelworks.fi\/wp-content\/uploads\/2020\/04\/CAD_model_and_CNC_machined_part-1-794x1024.png 794w, https:\/\/wdsteelworks.fi\/wp-content\/uploads\/2020\/04\/CAD_model_and_CNC_machined_part-1-768x991.png 768w, https:\/\/wdsteelworks.fi\/wp-content\/uploads\/2020\/04\/CAD_model_and_CNC_machined_part-1-1190x1536.png 1190w, https:\/\/wdsteelworks.fi\/wp-content\/uploads\/2020\/04\/CAD_model_and_CNC_machined_part-1.png 1254w\" sizes=\"auto, (max-width: 233px) 100vw, 233px\" \/><\/a><\/figure>\n\n\n\n<figure class=\"wp-block-image size-medium\"><a href=\"https:\/\/wdsteelworks.fi\/wp-content\/uploads\/2020\/07\/kaari1.jpg\"><img loading=\"lazy\" decoding=\"async\" width=\"240\" height=\"300\" data-id=\"794\" src=\"https:\/\/wdsteelworks.fi\/wp-content\/uploads\/2020\/07\/kaari1-240x300.jpg\" alt=\"\" class=\"wp-image-794\" srcset=\"https:\/\/wdsteelworks.fi\/wp-content\/uploads\/2020\/07\/kaari1-240x300.jpg 240w, https:\/\/wdsteelworks.fi\/wp-content\/uploads\/2020\/07\/kaari1-819x1024.jpg 819w, https:\/\/wdsteelworks.fi\/wp-content\/uploads\/2020\/07\/kaari1-768x960.jpg 768w, https:\/\/wdsteelworks.fi\/wp-content\/uploads\/2020\/07\/kaari1.jpg 1080w\" sizes=\"auto, (max-width: 240px) 100vw, 240px\" \/><\/a><\/figure>\n\n\n\n<figure class=\"wp-block-image size-medium\"><a href=\"https:\/\/wdsteelworks.fi\/wp-content\/uploads\/2020\/07\/vene2-1.jpg\"><img loading=\"lazy\" decoding=\"async\" width=\"300\" height=\"225\" data-id=\"797\" src=\"https:\/\/wdsteelworks.fi\/wp-content\/uploads\/2020\/07\/vene2-1-300x225.jpg\" alt=\"\" class=\"wp-image-797\" srcset=\"https:\/\/wdsteelworks.fi\/wp-content\/uploads\/2020\/07\/vene2-1-300x225.jpg 300w, https:\/\/wdsteelworks.fi\/wp-content\/uploads\/2020\/07\/vene2-1-1024x768.jpg 1024w, https:\/\/wdsteelworks.fi\/wp-content\/uploads\/2020\/07\/vene2-1-768x576.jpg 768w, https:\/\/wdsteelworks.fi\/wp-content\/uploads\/2020\/07\/vene2-1.jpg 1080w\" sizes=\"auto, (max-width: 300px) 100vw, 300px\" \/><\/a><\/figure>\n\n\n\n<figure class=\"wp-block-image size-medium\"><a href=\"https:\/\/wdsteelworks.fi\/wp-content\/uploads\/2020\/04\/Konecranes-WDsteelworks-Loviisa-img-HR--scaled.jpg\"><img loading=\"lazy\" decoding=\"async\" width=\"300\" height=\"197\" data-id=\"640\" src=\"https:\/\/wdsteelworks.fi\/wp-content\/uploads\/2020\/04\/Konecranes-WDsteelworks-Loviisa-img-HR--300x197.jpg\" alt=\"\" class=\"wp-image-640\" srcset=\"https:\/\/wdsteelworks.fi\/wp-content\/uploads\/2020\/04\/Konecranes-WDsteelworks-Loviisa-img-HR--300x197.jpg 300w, https:\/\/wdsteelworks.fi\/wp-content\/uploads\/2020\/04\/Konecranes-WDsteelworks-Loviisa-img-HR--1024x674.jpg 1024w, https:\/\/wdsteelworks.fi\/wp-content\/uploads\/2020\/04\/Konecranes-WDsteelworks-Loviisa-img-HR--768x506.jpg 768w, https:\/\/wdsteelworks.fi\/wp-content\/uploads\/2020\/04\/Konecranes-WDsteelworks-Loviisa-img-HR--1536x1011.jpg 1536w, https:\/\/wdsteelworks.fi\/wp-content\/uploads\/2020\/04\/Konecranes-WDsteelworks-Loviisa-img-HR--2048x1348.jpg 2048w\" sizes=\"auto, (max-width: 300px) 100vw, 300px\" \/><\/a><\/figure>\n\n\n\n<figure class=\"wp-block-image size-medium\"><a href=\"https:\/\/wdsteelworks.fi\/wp-content\/uploads\/2020\/07\/steelworks3.jpg\"><img loading=\"lazy\" decoding=\"async\" width=\"300\" height=\"225\" data-id=\"795\" src=\"https:\/\/wdsteelworks.fi\/wp-content\/uploads\/2020\/07\/steelworks3-300x225.jpg\" alt=\"\" class=\"wp-image-795\" srcset=\"https:\/\/wdsteelworks.fi\/wp-content\/uploads\/2020\/07\/steelworks3-300x225.jpg 300w, https:\/\/wdsteelworks.fi\/wp-content\/uploads\/2020\/07\/steelworks3-1024x768.jpg 1024w, https:\/\/wdsteelworks.fi\/wp-content\/uploads\/2020\/07\/steelworks3-768x576.jpg 768w, https:\/\/wdsteelworks.fi\/wp-content\/uploads\/2020\/07\/steelworks3.jpg 1080w\" sizes=\"auto, (max-width: 300px) 100vw, 300px\" \/><\/a><\/figure>\n\n\n\n<figure class=\"wp-block-image size-medium\"><a href=\"https:\/\/wdsteelworks.fi\/wp-content\/uploads\/2020\/07\/suunnittelu41.jpg\"><img loading=\"lazy\" decoding=\"async\" width=\"300\" height=\"225\" data-id=\"765\" src=\"https:\/\/wdsteelworks.fi\/wp-content\/uploads\/2020\/07\/suunnittelu41-300x225.jpg\" alt=\"\" class=\"wp-image-765\" srcset=\"https:\/\/wdsteelworks.fi\/wp-content\/uploads\/2020\/07\/suunnittelu41-300x225.jpg 300w, https:\/\/wdsteelworks.fi\/wp-content\/uploads\/2020\/07\/suunnittelu41-1024x768.jpg 1024w, https:\/\/wdsteelworks.fi\/wp-content\/uploads\/2020\/07\/suunnittelu41-768x576.jpg 768w, https:\/\/wdsteelworks.fi\/wp-content\/uploads\/2020\/07\/suunnittelu41.jpg 1080w\" sizes=\"auto, (max-width: 300px) 100vw, 300px\" \/><\/a><\/figure>\n\n\n\n<figure class=\"wp-block-image size-medium\"><a href=\"https:\/\/wdsteelworks.fi\/wp-content\/uploads\/2024\/05\/11-scaled.jpg\"><img loading=\"lazy\" decoding=\"async\" width=\"300\" height=\"169\" data-id=\"2667\" src=\"https:\/\/wdsteelworks.fi\/wp-content\/uploads\/2024\/05\/11-300x169.jpg\" alt=\"\" class=\"wp-image-2667\" srcset=\"https:\/\/wdsteelworks.fi\/wp-content\/uploads\/2024\/05\/11-300x169.jpg 300w, https:\/\/wdsteelworks.fi\/wp-content\/uploads\/2024\/05\/11-1024x576.jpg 1024w, https:\/\/wdsteelworks.fi\/wp-content\/uploads\/2024\/05\/11-768x432.jpg 768w, https:\/\/wdsteelworks.fi\/wp-content\/uploads\/2024\/05\/11-1536x864.jpg 1536w, https:\/\/wdsteelworks.fi\/wp-content\/uploads\/2024\/05\/11-2048x1152.jpg 2048w\" sizes=\"auto, (max-width: 300px) 100vw, 300px\" \/><\/a><\/figure>\n\n\n\n<figure class=\"wp-block-image size-medium\"><a href=\"https:\/\/wdsteelworks.fi\/wp-content\/uploads\/2024\/05\/fem-1-300x169.jpg\"><img loading=\"lazy\" decoding=\"async\" width=\"300\" height=\"169\" data-id=\"2664\" src=\"https:\/\/wdsteelworks.fi\/wp-content\/uploads\/2024\/05\/fem-1-300x169.jpg\" alt=\"\" class=\"wp-image-2664\" srcset=\"https:\/\/wdsteelworks.fi\/wp-content\/uploads\/2024\/05\/fem-1-300x169.jpg 300w, https:\/\/wdsteelworks.fi\/wp-content\/uploads\/2024\/05\/fem-1-768x433.jpg 768w, https:\/\/wdsteelworks.fi\/wp-content\/uploads\/2024\/05\/fem-1.jpg 848w\" sizes=\"auto, (max-width: 300px) 100vw, 300px\" \/><\/a><\/figure>\n<\/figure>\n","protected":false},"excerpt":{"rendered":"<p>Den m\u00e5ngsidiga flotta och v\u00e5rt n\u00e4tverk av partners g\u00f6r att vi kan leverera prototyper och enskilda objekt p\u00e5 ett effektivt s\u00e4tt. Tack vare v\u00e5r flexibla service kommer vi att om n\u00f6dv\u00e4ndigt, f\u00f6r att identifiera behovet och utforma och f\u00f6rbereda en l\u00f6sning p\u00e5 det. Vi erbjuder ocks\u00e5 designtj\u00e4nster f\u00f6r metallkonstruktioner och -delar. Baserat p\u00e5 v\u00e5r gedigna [&hellip;]<\/p>\n","protected":false},"author":1,"featured_media":0,"parent":2109,"menu_order":3,"comment_status":"closed","ping_status":"closed","template":"","meta":{"footnotes":""},"class_list":["post-2124","page","type-page","status-publish","hentry"],"_links":{"self":[{"href":"https:\/\/wdsteelworks.fi\/sv\/wp-json\/wp\/v2\/pages\/2124","targetHints":{"allow":["GET"]}}],"collection":[{"href":"https:\/\/wdsteelworks.fi\/sv\/wp-json\/wp\/v2\/pages"}],"about":[{"href":"https:\/\/wdsteelworks.fi\/sv\/wp-json\/wp\/v2\/types\/page"}],"author":[{"embeddable":true,"href":"https:\/\/wdsteelworks.fi\/sv\/wp-json\/wp\/v2\/users\/1"}],"replies":[{"embeddable":true,"href":"https:\/\/wdsteelworks.fi\/sv\/wp-json\/wp\/v2\/comments?post=2124"}],"version-history":[{"count":8,"href":"https:\/\/wdsteelworks.fi\/sv\/wp-json\/wp\/v2\/pages\/2124\/revisions"}],"predecessor-version":[{"id":3007,"href":"https:\/\/wdsteelworks.fi\/sv\/wp-json\/wp\/v2\/pages\/2124\/revisions\/3007"}],"up":[{"embeddable":true,"href":"https:\/\/wdsteelworks.fi\/sv\/wp-json\/wp\/v2\/pages\/2109"}],"wp:attachment":[{"href":"https:\/\/wdsteelworks.fi\/sv\/wp-json\/wp\/v2\/media?parent=2124"}],"curies":[{"name":"wp","href":"https:\/\/api.w.org\/{rel}","templated":true}]}}