{"id":2119,"date":"2021-08-13T07:52:56","date_gmt":"2021-08-13T07:52:56","guid":{"rendered":"https:\/\/wdsteelworks.fi\/?page_id=2119"},"modified":"2024-05-07T06:23:18","modified_gmt":"2024-05-07T06:23:18","slug":"platarbete-och-bearbetning","status":"publish","type":"page","link":"https:\/\/wdsteelworks.fi\/sv\/tjanster\/platarbete-och-bearbetning\/","title":{"rendered":"Pl\u00e5tbearbetning och Maskinbearbetning"},"content":{"rendered":"\n<p>Vi kan ocks\u00e5 f\u00f6rse dig med h\u00f6gkvalitativa pl\u00e5tkonstruktioner och clips. Fr\u00e5n tunnpl\u00e5t till tjockpl\u00e5t, aluminium, rostfritt st\u00e5l och olika typer av st\u00e5lpl\u00e5t \u00e4r k\u00e4rnan i v\u00e5r expertis. Genom v\u00e5r egen flotta och v\u00e5ra samarbetspartners kan vi erbjuda ett brett utbud av delar och kombinationer av delar p\u00e5 ett effektivt s\u00e4tt. F\u00f6r att st\u00f6dja \u00f6vrig produktion har vi \u00e4ven utrustning f\u00f6r r\u00f6rborrning, fr\u00e4sning och svarvning. Vi erbjuder \u00e4ven <a href=\"https:\/\/wdsteelworks.fi\/sv\/tjanster\/vattenskarning\/\" data-type=\"page\" data-id=\"2375\">vattensk\u00e4rning<\/a>.<\/p>\n\n<p>I kombination med v\u00e5ra andra tj\u00e4nster kan vi erbjuda kr\u00e4vande och m\u00e5ngsidiga strukturer som kombinerar r\u00f6r, pl\u00e5tar och bearbetade delar. Snabbt och kostnadseffektivt<\/p>\n\n<figure class=\"wp-block-gallery has-nested-images columns-default is-cropped wp-block-gallery-1 is-layout-flex wp-block-gallery-is-layout-flex\">\n<figure class=\"wp-block-image size-medium\"><a href=\"https:\/\/wdsteelworks.fi\/wp-content\/uploads\/2020\/07\/levy3-1.jpg\"><img loading=\"lazy\" decoding=\"async\" width=\"300\" height=\"225\" data-id=\"789\" src=\"https:\/\/wdsteelworks.fi\/wp-content\/uploads\/2020\/07\/levy3-1-300x225.jpg\" alt=\"\" class=\"wp-image-789\" srcset=\"https:\/\/wdsteelworks.fi\/wp-content\/uploads\/2020\/07\/levy3-1-300x225.jpg 300w, https:\/\/wdsteelworks.fi\/wp-content\/uploads\/2020\/07\/levy3-1-1024x768.jpg 1024w, https:\/\/wdsteelworks.fi\/wp-content\/uploads\/2020\/07\/levy3-1-768x576.jpg 768w, https:\/\/wdsteelworks.fi\/wp-content\/uploads\/2020\/07\/levy3-1.jpg 1080w\" sizes=\"auto, (max-width: 300px) 100vw, 300px\" \/><\/a><\/figure>\n\n\n\n<figure class=\"wp-block-image size-medium\"><a href=\"https:\/\/wdsteelworks.fi\/wp-content\/uploads\/2020\/07\/suunnittelu2-1.jpg\"><img loading=\"lazy\" decoding=\"async\" width=\"300\" height=\"225\" data-id=\"791\" src=\"https:\/\/wdsteelworks.fi\/wp-content\/uploads\/2020\/07\/suunnittelu2-1-300x225.jpg\" alt=\"\" class=\"wp-image-791\" srcset=\"https:\/\/wdsteelworks.fi\/wp-content\/uploads\/2020\/07\/suunnittelu2-1-300x225.jpg 300w, https:\/\/wdsteelworks.fi\/wp-content\/uploads\/2020\/07\/suunnittelu2-1-1024x768.jpg 1024w, https:\/\/wdsteelworks.fi\/wp-content\/uploads\/2020\/07\/suunnittelu2-1-768x576.jpg 768w, https:\/\/wdsteelworks.fi\/wp-content\/uploads\/2020\/07\/suunnittelu2-1.jpg 1080w\" sizes=\"auto, (max-width: 300px) 100vw, 300px\" \/><\/a><\/figure>\n\n\n\n<figure class=\"wp-block-image size-medium\"><a href=\"https:\/\/wdsteelworks.fi\/wp-content\/uploads\/2020\/07\/steelworks2.jpg\"><img loading=\"lazy\" decoding=\"async\" width=\"300\" height=\"225\" data-id=\"790\" src=\"https:\/\/wdsteelworks.fi\/wp-content\/uploads\/2020\/07\/steelworks2-300x225.jpg\" alt=\"\" class=\"wp-image-790\" srcset=\"https:\/\/wdsteelworks.fi\/wp-content\/uploads\/2020\/07\/steelworks2-300x225.jpg 300w, https:\/\/wdsteelworks.fi\/wp-content\/uploads\/2020\/07\/steelworks2-1024x768.jpg 1024w, https:\/\/wdsteelworks.fi\/wp-content\/uploads\/2020\/07\/steelworks2-768x576.jpg 768w, https:\/\/wdsteelworks.fi\/wp-content\/uploads\/2020\/07\/steelworks2.jpg 1080w\" sizes=\"auto, (max-width: 300px) 100vw, 300px\" \/><\/a><\/figure>\n\n\n\n<figure class=\"wp-block-image size-medium\"><img loading=\"lazy\" decoding=\"async\" width=\"300\" height=\"169\" data-id=\"2656\" src=\"https:\/\/wdsteelworks.fi\/wp-content\/uploads\/2024\/05\/22-2-300x169.jpg\" alt=\"\" class=\"wp-image-2656\" srcset=\"https:\/\/wdsteelworks.fi\/wp-content\/uploads\/2024\/05\/22-2-300x169.jpg 300w, https:\/\/wdsteelworks.fi\/wp-content\/uploads\/2024\/05\/22-2-1024x576.jpg 1024w, https:\/\/wdsteelworks.fi\/wp-content\/uploads\/2024\/05\/22-2-768x432.jpg 768w, https:\/\/wdsteelworks.fi\/wp-content\/uploads\/2024\/05\/22-2-1536x864.jpg 1536w, https:\/\/wdsteelworks.fi\/wp-content\/uploads\/2024\/05\/22-2-2048x1152.jpg 2048w\" sizes=\"auto, (max-width: 300px) 100vw, 300px\" \/><\/figure>\n\n\n\n<figure class=\"wp-block-image size-medium\"><img loading=\"lazy\" decoding=\"async\" width=\"300\" height=\"169\" data-id=\"2659\" src=\"https:\/\/wdsteelworks.fi\/wp-content\/uploads\/2024\/05\/16-300x169.jpg\" alt=\"\" class=\"wp-image-2659\" srcset=\"https:\/\/wdsteelworks.fi\/wp-content\/uploads\/2024\/05\/16-300x169.jpg 300w, https:\/\/wdsteelworks.fi\/wp-content\/uploads\/2024\/05\/16-1024x576.jpg 1024w, https:\/\/wdsteelworks.fi\/wp-content\/uploads\/2024\/05\/16-768x432.jpg 768w, https:\/\/wdsteelworks.fi\/wp-content\/uploads\/2024\/05\/16-1536x864.jpg 1536w, https:\/\/wdsteelworks.fi\/wp-content\/uploads\/2024\/05\/16-2048x1152.jpg 2048w\" sizes=\"auto, (max-width: 300px) 100vw, 300px\" \/><\/figure>\n\n\n\n<figure class=\"wp-block-image size-medium\"><img loading=\"lazy\" decoding=\"async\" width=\"300\" height=\"200\" data-id=\"2653\" src=\"https:\/\/wdsteelworks.fi\/wp-content\/uploads\/2024\/05\/DSC04990-300x200.jpg\" alt=\"\" class=\"wp-image-2653\" srcset=\"https:\/\/wdsteelworks.fi\/wp-content\/uploads\/2024\/05\/DSC04990-300x200.jpg 300w, https:\/\/wdsteelworks.fi\/wp-content\/uploads\/2024\/05\/DSC04990-1024x683.jpg 1024w, https:\/\/wdsteelworks.fi\/wp-content\/uploads\/2024\/05\/DSC04990-768x512.jpg 768w, https:\/\/wdsteelworks.fi\/wp-content\/uploads\/2024\/05\/DSC04990-1536x1025.jpg 1536w, https:\/\/wdsteelworks.fi\/wp-content\/uploads\/2024\/05\/DSC04990-2048x1366.jpg 2048w\" sizes=\"auto, (max-width: 300px) 100vw, 300px\" \/><\/figure>\n<\/figure>\n\n<figure class=\"wp-block-gallery has-nested-images columns-default is-cropped wp-block-gallery-2 is-layout-flex wp-block-gallery-is-layout-flex\">\n<figure class=\"wp-block-image size-medium\"><a href=\"https:\/\/wdsteelworks.fi\/wp-content\/uploads\/2020\/04\/levyleikkuri_orig.jpg\"><img loading=\"lazy\" decoding=\"async\" width=\"300\" height=\"200\" data-id=\"618\" src=\"https:\/\/wdsteelworks.fi\/wp-content\/uploads\/2020\/04\/levyleikkuri_orig-300x200.jpg\" alt=\"\" class=\"wp-image-618\" srcset=\"https:\/\/wdsteelworks.fi\/wp-content\/uploads\/2020\/04\/levyleikkuri_orig-300x200.jpg 300w, https:\/\/wdsteelworks.fi\/wp-content\/uploads\/2020\/04\/levyleikkuri_orig-1024x682.jpg 1024w, https:\/\/wdsteelworks.fi\/wp-content\/uploads\/2020\/04\/levyleikkuri_orig-768x512.jpg 768w, https:\/\/wdsteelworks.fi\/wp-content\/uploads\/2020\/04\/levyleikkuri_orig.jpg 1100w\" sizes=\"auto, (max-width: 300px) 100vw, 300px\" \/><\/a><\/figure>\n\n\n\n<figure class=\"wp-block-image size-medium\"><a href=\"https:\/\/wdsteelworks.fi\/wp-content\/uploads\/2020\/08\/Boomeranger-11820-1005836-300x200.jpg\"><img loading=\"lazy\" decoding=\"async\" width=\"300\" height=\"200\" data-id=\"1851\" src=\"https:\/\/wdsteelworks.fi\/wp-content\/uploads\/2020\/08\/Boomeranger-11820-1005836-300x200.jpg\" alt=\"\" class=\"wp-image-1851\" srcset=\"https:\/\/wdsteelworks.fi\/wp-content\/uploads\/2020\/08\/Boomeranger-11820-1005836-300x200.jpg 300w, https:\/\/wdsteelworks.fi\/wp-content\/uploads\/2020\/08\/Boomeranger-11820-1005836-1024x684.jpg 1024w, https:\/\/wdsteelworks.fi\/wp-content\/uploads\/2020\/08\/Boomeranger-11820-1005836-768x513.jpg 768w, https:\/\/wdsteelworks.fi\/wp-content\/uploads\/2020\/08\/Boomeranger-11820-1005836-1536x1026.jpg 1536w, https:\/\/wdsteelworks.fi\/wp-content\/uploads\/2020\/08\/Boomeranger-11820-1005836-2048x1368.jpg 2048w\" sizes=\"auto, (max-width: 300px) 100vw, 300px\" \/><\/a><\/figure>\n\n\n\n<figure class=\"wp-block-image size-large\"><a href=\"https:\/\/wdsteelworks.fi\/wp-content\/uploads\/2020\/04\/sorvi.jpg\"><img loading=\"lazy\" decoding=\"async\" width=\"295\" height=\"196\" data-id=\"631\" src=\"https:\/\/wdsteelworks.fi\/wp-content\/uploads\/2020\/04\/sorvi.jpg\" alt=\"\" class=\"wp-image-631\"\/><\/a><\/figure>\n<\/figure>\n\n<h2 class=\"wp-block-heading\">Arkmaterial fr\u00e5n lager <\/h2>\n\n<p>Vi har vanligtvis f\u00f6ljande produkter i v\u00e5rt lager f\u00f6r f\u00f6rs\u00e4ljning. Om det beh\u00f6vs sk\u00e4r vi till arken till \u00f6nskad storlek. Andra legeringar och metaller (t.ex. m\u00e4ssing) finns ocks\u00e5 tillg\u00e4ngliga p\u00e5 beg\u00e4ran.<\/p>\n\n<figure class=\"wp-block-table\"><table><tbody><tr><td><strong>Produkt<\/strong><\/td><td><strong>Dimensioner<\/strong><\/td><td><strong>Legering<\/strong><\/td><\/tr><tr><td>Syrebest\u00e4ndig platta<\/td><td>0,8 mm &#8211; 6 mm<\/td><td>HST AISI 316L<\/td><\/tr><tr><td>Aluminiumpl\u00e5t<\/td><td>1,5 mm &#8211; 8 mm<\/td><td>Marin aluminium EN AW-5754<\/td><\/tr><tr><td>FE-skiva<\/td><td>0,75 mm &#8211; 6 mm<\/td><td>St\u00e5lpl\u00e5t S355<\/td><\/tr><tr><td>ALU armb\u00e5gsplatta<\/td><td>3-5 mm<\/td><td>Marin aluminium EN AW-5754<\/td><\/tr><tr><td>ALU ris korn ark<\/td><td>2 mm<\/td><td>Marin aluminium EN AW-5754<\/td><\/tr><tr><td>Polerat rostfritt st\u00e5l<\/td><td>0,8 &#8211; 2 mm<\/td><td>AISI 304\/316L<\/td><\/tr><tr><td>Slipat rostfritt st\u00e5l<\/td><td>0,8 &#8211; 2 mm<\/td><td>AISI 304\/316L<\/td><\/tr><\/tbody><\/table><\/figure>\n\n<figure class=\"wp-block-image size-large is-style-default\"><img loading=\"lazy\" decoding=\"async\" width=\"1024\" height=\"768\" src=\"https:\/\/wdsteelworks.fi\/wp-content\/uploads\/2020\/07\/halli1-1024x768.jpg\" alt=\"\" class=\"wp-image-831\" style=\"object-fit:cover\" srcset=\"https:\/\/wdsteelworks.fi\/wp-content\/uploads\/2020\/07\/halli1-1024x768.jpg 1024w, https:\/\/wdsteelworks.fi\/wp-content\/uploads\/2020\/07\/halli1-300x225.jpg 300w, https:\/\/wdsteelworks.fi\/wp-content\/uploads\/2020\/07\/halli1-768x576.jpg 768w, https:\/\/wdsteelworks.fi\/wp-content\/uploads\/2020\/07\/halli1.jpg 1080w\" sizes=\"auto, (max-width: 1024px) 100vw, 1024px\" \/><\/figure>\n","protected":false},"excerpt":{"rendered":"<p>Vi kan ocks\u00e5 f\u00f6rse dig med h\u00f6gkvalitativa pl\u00e5tkonstruktioner och clips. Fr\u00e5n tunnpl\u00e5t till tjockpl\u00e5t, aluminium, rostfritt st\u00e5l och olika typer av st\u00e5lpl\u00e5t \u00e4r k\u00e4rnan i v\u00e5r expertis. Genom v\u00e5r egen flotta och v\u00e5ra samarbetspartners kan vi erbjuda ett brett utbud av delar och kombinationer av delar p\u00e5 ett effektivt s\u00e4tt. F\u00f6r att st\u00f6dja \u00f6vrig produktion [&hellip;]<\/p>\n","protected":false},"author":1,"featured_media":0,"parent":2109,"menu_order":2,"comment_status":"closed","ping_status":"closed","template":"","meta":{"footnotes":""},"class_list":["post-2119","page","type-page","status-publish","hentry"],"_links":{"self":[{"href":"https:\/\/wdsteelworks.fi\/sv\/wp-json\/wp\/v2\/pages\/2119","targetHints":{"allow":["GET"]}}],"collection":[{"href":"https:\/\/wdsteelworks.fi\/sv\/wp-json\/wp\/v2\/pages"}],"about":[{"href":"https:\/\/wdsteelworks.fi\/sv\/wp-json\/wp\/v2\/types\/page"}],"author":[{"embeddable":true,"href":"https:\/\/wdsteelworks.fi\/sv\/wp-json\/wp\/v2\/users\/1"}],"replies":[{"embeddable":true,"href":"https:\/\/wdsteelworks.fi\/sv\/wp-json\/wp\/v2\/comments?post=2119"}],"version-history":[{"count":8,"href":"https:\/\/wdsteelworks.fi\/sv\/wp-json\/wp\/v2\/pages\/2119\/revisions"}],"predecessor-version":[{"id":2948,"href":"https:\/\/wdsteelworks.fi\/sv\/wp-json\/wp\/v2\/pages\/2119\/revisions\/2948"}],"up":[{"embeddable":true,"href":"https:\/\/wdsteelworks.fi\/sv\/wp-json\/wp\/v2\/pages\/2109"}],"wp:attachment":[{"href":"https:\/\/wdsteelworks.fi\/sv\/wp-json\/wp\/v2\/media?parent=2119"}],"curies":[{"name":"wp","href":"https:\/\/api.w.org\/{rel}","templated":true}]}}