{"id":2116,"date":"2021-08-13T07:52:38","date_gmt":"2021-08-13T07:52:38","guid":{"rendered":"https:\/\/wdsteelworks.fi\/?page_id=2116"},"modified":"2024-05-07T06:31:58","modified_gmt":"2024-05-07T06:31:58","slug":"svetsning-av-rostfritt-stal","status":"publish","type":"page","link":"https:\/\/wdsteelworks.fi\/sv\/tjanster\/svetsning-av-rostfritt-stal\/","title":{"rendered":"Rostfri Svetsning"},"content":{"rendered":"\n<p>Vi \u00e4r specialiserade p\u00e5 kr\u00e4vande svetsjobb med TIG- och MIG-utrustning. Vi svetsar rostfritt och syrafast st\u00e5l (t.ex. RST 304L \/ HST 316L), duplexst\u00e5l och titan (t.ex. Ti6Al4V).<\/p>\n\n<p>I kombination med v\u00e5ra andra tj\u00e4nster kan vi erbjuda kr\u00e4vande och m\u00e5ngsidiga strukturer som kombinerar r\u00f6r, pl\u00e5tar och bearbetade delar.<\/p>\n\n<figure class=\"wp-block-gallery has-nested-images columns-default is-cropped wp-block-gallery-1 is-layout-flex wp-block-gallery-is-layout-flex\">\n<figure class=\"wp-block-image size-medium\"><a href=\"https:\/\/wdsteelworks.fi\/wp-content\/uploads\/2020\/04\/sauma-1.jpg\"><img loading=\"lazy\" decoding=\"async\" width=\"300\" height=\"194\" data-id=\"613\" src=\"https:\/\/wdsteelworks.fi\/wp-content\/uploads\/2020\/04\/sauma-1-300x194.jpg\" alt=\"\" class=\"wp-image-613\" srcset=\"https:\/\/wdsteelworks.fi\/wp-content\/uploads\/2020\/04\/sauma-1-300x194.jpg 300w, https:\/\/wdsteelworks.fi\/wp-content\/uploads\/2020\/04\/sauma-1-1024x661.jpg 1024w, https:\/\/wdsteelworks.fi\/wp-content\/uploads\/2020\/04\/sauma-1-768x496.jpg 768w, https:\/\/wdsteelworks.fi\/wp-content\/uploads\/2020\/04\/sauma-1.jpg 1105w\" sizes=\"auto, (max-width: 300px) 100vw, 300px\" \/><\/a><\/figure>\n\n\n\n<figure class=\"wp-block-image size-medium\"><a href=\"https:\/\/wdsteelworks.fi\/wp-content\/uploads\/2024\/05\/6-1-scaled.jpg\"><img loading=\"lazy\" decoding=\"async\" width=\"300\" height=\"169\" data-id=\"2843\" src=\"https:\/\/wdsteelworks.fi\/wp-content\/uploads\/2024\/05\/6-1-300x169.jpg\" alt=\"\" class=\"wp-image-2843\" srcset=\"https:\/\/wdsteelworks.fi\/wp-content\/uploads\/2024\/05\/6-1-300x169.jpg 300w, https:\/\/wdsteelworks.fi\/wp-content\/uploads\/2024\/05\/6-1-1024x576.jpg 1024w, https:\/\/wdsteelworks.fi\/wp-content\/uploads\/2024\/05\/6-1-768x432.jpg 768w, https:\/\/wdsteelworks.fi\/wp-content\/uploads\/2024\/05\/6-1-1536x864.jpg 1536w, https:\/\/wdsteelworks.fi\/wp-content\/uploads\/2024\/05\/6-1-2048x1152.jpg 2048w\" sizes=\"auto, (max-width: 300px) 100vw, 300px\" \/><\/a><\/figure>\n\n\n\n<figure class=\"wp-block-image size-medium\"><a href=\"https:\/\/wdsteelworks.fi\/wp-content\/uploads\/2024\/04\/princess-300x225.jpg\"><img loading=\"lazy\" decoding=\"async\" width=\"300\" height=\"225\" data-id=\"2517\" src=\"https:\/\/wdsteelworks.fi\/wp-content\/uploads\/2024\/04\/princess-300x225.jpg\" alt=\"\" class=\"wp-image-2517\" srcset=\"https:\/\/wdsteelworks.fi\/wp-content\/uploads\/2024\/04\/princess-300x225.jpg 300w, https:\/\/wdsteelworks.fi\/wp-content\/uploads\/2024\/04\/princess-1024x768.jpg 1024w, https:\/\/wdsteelworks.fi\/wp-content\/uploads\/2024\/04\/princess-768x576.jpg 768w, https:\/\/wdsteelworks.fi\/wp-content\/uploads\/2024\/04\/princess.jpg 1440w\" sizes=\"auto, (max-width: 300px) 100vw, 300px\" \/><\/a><\/figure>\n\n\n\n<figure class=\"wp-block-image size-medium\"><a href=\"https:\/\/wdsteelworks.fi\/wp-content\/uploads\/2020\/07\/vene2.jpg\"><img loading=\"lazy\" decoding=\"async\" width=\"300\" height=\"225\" data-id=\"781\" src=\"https:\/\/wdsteelworks.fi\/wp-content\/uploads\/2020\/07\/vene2-300x225.jpg\" alt=\"\" class=\"wp-image-781\" srcset=\"https:\/\/wdsteelworks.fi\/wp-content\/uploads\/2020\/07\/vene2-300x225.jpg 300w, https:\/\/wdsteelworks.fi\/wp-content\/uploads\/2020\/07\/vene2-1024x768.jpg 1024w, https:\/\/wdsteelworks.fi\/wp-content\/uploads\/2020\/07\/vene2-768x576.jpg 768w, https:\/\/wdsteelworks.fi\/wp-content\/uploads\/2020\/07\/vene2.jpg 1080w\" sizes=\"auto, (max-width: 300px) 100vw, 300px\" \/><\/a><\/figure>\n\n\n\n<figure class=\"wp-block-image size-medium\"><a href=\"https:\/\/wdsteelworks.fi\/wp-content\/uploads\/2024\/05\/12-scaled.jpg\"><img loading=\"lazy\" decoding=\"async\" width=\"300\" height=\"169\" data-id=\"2633\" src=\"https:\/\/wdsteelworks.fi\/wp-content\/uploads\/2024\/05\/12-300x169.jpg\" alt=\"\" class=\"wp-image-2633\" srcset=\"https:\/\/wdsteelworks.fi\/wp-content\/uploads\/2024\/05\/12-300x169.jpg 300w, https:\/\/wdsteelworks.fi\/wp-content\/uploads\/2024\/05\/12-1024x576.jpg 1024w, https:\/\/wdsteelworks.fi\/wp-content\/uploads\/2024\/05\/12-768x432.jpg 768w, https:\/\/wdsteelworks.fi\/wp-content\/uploads\/2024\/05\/12-1536x864.jpg 1536w, https:\/\/wdsteelworks.fi\/wp-content\/uploads\/2024\/05\/12-2048x1152.jpg 2048w\" sizes=\"auto, (max-width: 300px) 100vw, 300px\" \/><\/a><\/figure>\n\n\n\n<figure class=\"wp-block-image size-medium\"><a href=\"https:\/\/wdsteelworks.fi\/wp-content\/uploads\/2024\/05\/DSC04941-300x200.jpg\"><img loading=\"lazy\" decoding=\"async\" width=\"300\" height=\"200\" data-id=\"2636\" src=\"https:\/\/wdsteelworks.fi\/wp-content\/uploads\/2024\/05\/DSC04941-300x200.jpg\" alt=\"\" class=\"wp-image-2636\" srcset=\"https:\/\/wdsteelworks.fi\/wp-content\/uploads\/2024\/05\/DSC04941-300x200.jpg 300w, https:\/\/wdsteelworks.fi\/wp-content\/uploads\/2024\/05\/DSC04941-1024x683.jpg 1024w, https:\/\/wdsteelworks.fi\/wp-content\/uploads\/2024\/05\/DSC04941-768x512.jpg 768w, https:\/\/wdsteelworks.fi\/wp-content\/uploads\/2024\/05\/DSC04941-1536x1025.jpg 1536w, https:\/\/wdsteelworks.fi\/wp-content\/uploads\/2024\/05\/DSC04941-2048x1366.jpg 2048w\" sizes=\"auto, (max-width: 300px) 100vw, 300px\" \/><\/a><\/figure>\n<\/figure>\n\n<h2 class=\"wp-block-heading\">Konstruktionsrekommendationer f\u00f6r svetsbara gallerkonstruktioner<\/h2>\n\n<h3 class=\"wp-block-heading\">Tjocklek p\u00e5 konstruktioner av rostfritt st\u00e5l avsedda f\u00f6r svetsning<\/h3>\n\n<p>F\u00f6r material i rostfritt st\u00e5l rekommenderas en v\u00e4ggtjocklek p\u00e5 pl\u00e5tar och r\u00f6r p\u00e5 minst 1 mm. Vid stora bitar rekommenderas en tjocklek p\u00e5 2 mm f\u00f6r att undvika skevhet. L\u00e4s mer om standarden <a href=\"https:\/\/sales.sfs.fi\/fi\/index\/tuotteet\/SFS\/CEN\/ID2\/1\/3382.html.stx\" target=\"_blank\" rel=\"noreferrer noopener\">SFS-EN 1011-3<\/a> (Svetsning. Svetsrekommendationer f\u00f6r metalliska material. Del 3: B\u00e5gsvetsning av rostfritt st\u00e5l).<\/p>\n\n<h2 class=\"wp-block-heading\">Legeringar av rostfritt st\u00e5l och deras svetsbarhet<\/h2>\n\n<p>De flesta RST- och HST-legeringar kan svetsas utan problem. F\u00f6r de vanligaste legeringarna 304\/304L och 316\/316L \u00e4r det l\u00e4mpligt att v\u00e4lja \u00e4mnen beroende p\u00e5 tillg\u00e4nglighet. Utbud och tillg\u00e4nglighet av pl\u00e5t och r\u00f6r b\u00f6r kontrolleras p\u00e5 <a href=\"https:\/\/ssab.fi\/terasvalitsin\" target=\"_blank\" rel=\"noreferrer noopener\">SSAB<\/a>, <a href=\"https:\/\/www.tibnor.fi\/tarjontamme\/materiaalit\/ruostumattomat-terakset\" target=\"_blank\" rel=\"noreferrer noopener\">Tibnor<\/a>, <a href=\"https:\/\/www.flinkenberg.fi\/steel\/teraslevyt\/ruostumattomat-ja-haponkestavat-terakset\/\" target=\"_blank\" rel=\"noreferrer noopener\">Flinkenberg<\/a>, <a href=\"https:\/\/www.kimet.fi\" target=\"_blank\" rel=\"noreferrer noopener\">St\u00e9 och Kimet<\/a> eller <a href=\"https:\/\/www.materials.sandvik\/\" target=\"_blank\" rel=\"noreferrer noopener\">Sandviks <\/a>hemsidor eller kataloger. <\/p>\n\n<p>I gjutna delar av rostfritt st\u00e5l kan porer och dragningar i materialet orsaka problem. I de flesta fall, med f\u00f6rv\u00e4rmning och r\u00e4tt svetsutrustning, kommer detta inte att vara n\u00e5got problem.<\/p>\n\n<p>F\u00f6r att f\u00f6rhindra korrosion \u00e4r det l\u00e4mpligt att anv\u00e4nda r\u00e4tt legerad tr\u00e5d vid svetsning. Vi h\u00e5ller ett lager av tr\u00e5d som passar f\u00f6r en m\u00e4ngd olika rostfria och syrafasta legeringar f\u00f6r att s\u00e4kerst\u00e4lla snabb leverans av v\u00e5ra tj\u00e4nster.  <\/p>\n\n<p>De vanligaste legeringarna f\u00f6r svetsning \u00e4r AISI 304 och 304 L (1.4301, 1.3407, 1.4306) och AISI 316 och 316L (1.4401, 1.4404). Vi svetsar ocks\u00e5 t.ex. AISI 309S (1.4833), Duplex (2205 \/ 31803 \/ 1.4462) och brandbest\u00e4ndigt 253 MA (1.4835 \/ S30815) st\u00e5l.<\/p>\n\n<figure class=\"wp-block-gallery has-nested-images columns-default is-cropped wp-block-gallery-2 is-layout-flex wp-block-gallery-is-layout-flex\">\n<figure class=\"wp-block-image size-large\"><a href=\"https:\/\/wdsteelworks.fi\/wp-content\/uploads\/2024\/05\/laitteet-1024x768.jpg\"><img loading=\"lazy\" decoding=\"async\" width=\"1024\" height=\"768\" data-id=\"2606\" src=\"https:\/\/wdsteelworks.fi\/wp-content\/uploads\/2024\/05\/laitteet-1024x768.jpg\" alt=\"\" class=\"wp-image-2606\" srcset=\"https:\/\/wdsteelworks.fi\/wp-content\/uploads\/2024\/05\/laitteet-1024x768.jpg 1024w, https:\/\/wdsteelworks.fi\/wp-content\/uploads\/2024\/05\/laitteet-300x225.jpg 300w, https:\/\/wdsteelworks.fi\/wp-content\/uploads\/2024\/05\/laitteet-768x576.jpg 768w, https:\/\/wdsteelworks.fi\/wp-content\/uploads\/2024\/05\/laitteet.jpg 1440w\" sizes=\"auto, (max-width: 1024px) 100vw, 1024px\" \/><\/a><\/figure>\n<\/figure>\n","protected":false},"excerpt":{"rendered":"<p>Vi \u00e4r specialiserade p\u00e5 kr\u00e4vande svetsjobb med TIG- och MIG-utrustning. Vi svetsar rostfritt och syrafast st\u00e5l (t.ex. RST 304L \/ HST 316L), duplexst\u00e5l och titan (t.ex. Ti6Al4V). I kombination med v\u00e5ra andra tj\u00e4nster kan vi erbjuda kr\u00e4vande och m\u00e5ngsidiga strukturer som kombinerar r\u00f6r, pl\u00e5tar och bearbetade delar. Konstruktionsrekommendationer f\u00f6r svetsbara gallerkonstruktioner Tjocklek p\u00e5 konstruktioner av [&hellip;]<\/p>\n","protected":false},"author":1,"featured_media":0,"parent":2109,"menu_order":1,"comment_status":"closed","ping_status":"closed","template":"","meta":{"footnotes":""},"class_list":["post-2116","page","type-page","status-publish","hentry"],"_links":{"self":[{"href":"https:\/\/wdsteelworks.fi\/sv\/wp-json\/wp\/v2\/pages\/2116","targetHints":{"allow":["GET"]}}],"collection":[{"href":"https:\/\/wdsteelworks.fi\/sv\/wp-json\/wp\/v2\/pages"}],"about":[{"href":"https:\/\/wdsteelworks.fi\/sv\/wp-json\/wp\/v2\/types\/page"}],"author":[{"embeddable":true,"href":"https:\/\/wdsteelworks.fi\/sv\/wp-json\/wp\/v2\/users\/1"}],"replies":[{"embeddable":true,"href":"https:\/\/wdsteelworks.fi\/sv\/wp-json\/wp\/v2\/comments?post=2116"}],"version-history":[{"count":9,"href":"https:\/\/wdsteelworks.fi\/sv\/wp-json\/wp\/v2\/pages\/2116\/revisions"}],"predecessor-version":[{"id":2963,"href":"https:\/\/wdsteelworks.fi\/sv\/wp-json\/wp\/v2\/pages\/2116\/revisions\/2963"}],"up":[{"embeddable":true,"href":"https:\/\/wdsteelworks.fi\/sv\/wp-json\/wp\/v2\/pages\/2109"}],"wp:attachment":[{"href":"https:\/\/wdsteelworks.fi\/sv\/wp-json\/wp\/v2\/media?parent=2116"}],"curies":[{"name":"wp","href":"https:\/\/api.w.org\/{rel}","templated":true}]}}