{"id":2114,"date":"2021-08-13T07:52:16","date_gmt":"2021-08-13T07:52:16","guid":{"rendered":"https:\/\/wdsteelworks.fi\/?page_id=2114"},"modified":"2024-05-07T06:00:16","modified_gmt":"2024-05-07T06:00:16","slug":"svetsning-av-aluminium","status":"publish","type":"page","link":"https:\/\/wdsteelworks.fi\/sv\/tjanster\/svetsning-av-aluminium\/","title":{"rendered":"Aluminium Svetsning"},"content":{"rendered":"\n<p>Vi \u00e4r specialiserade p\u00e5 kr\u00e4vande svetsjobb med TIG- och MIG-utrustning f\u00f6r olika aluminiumdelar och sammans\u00e4ttningar. Vi svetsar professionellt aluminium (t.ex. marin aluminium AW-5754 \/ konstruktionsaluminium AW-6082 \/ gjutna aluminiumdelar). Oavsett om ditt verk \u00e4r litet eller stort, nytt eller gammalt, kontakta oss!<\/p>\n\n<p>I kombination med v\u00e5ra andra tj\u00e4nster kan vi erbjuda kr\u00e4vande och m\u00e5ngsidiga strukturer som kombinerar r\u00f6r, pl\u00e5tar och bearbetade delar.<\/p>\n\n<figure class=\"wp-block-gallery has-nested-images columns-default is-cropped wp-block-gallery-1 is-layout-flex wp-block-gallery-is-layout-flex\">\n<figure class=\"wp-block-image size-medium\"><a href=\"https:\/\/wdsteelworks.fi\/wp-content\/uploads\/2020\/04\/IMG_6581-1-scaled.jpg\"><img loading=\"lazy\" decoding=\"async\" width=\"300\" height=\"200\" data-id=\"591\" src=\"https:\/\/wdsteelworks.fi\/wp-content\/uploads\/2020\/04\/IMG_6581-1-300x200.jpg\" alt=\"\" class=\"wp-image-591\" srcset=\"https:\/\/wdsteelworks.fi\/wp-content\/uploads\/2020\/04\/IMG_6581-1-300x200.jpg 300w, https:\/\/wdsteelworks.fi\/wp-content\/uploads\/2020\/04\/IMG_6581-1-1024x683.jpg 1024w, https:\/\/wdsteelworks.fi\/wp-content\/uploads\/2020\/04\/IMG_6581-1-768x512.jpg 768w, https:\/\/wdsteelworks.fi\/wp-content\/uploads\/2020\/04\/IMG_6581-1-1536x1024.jpg 1536w, https:\/\/wdsteelworks.fi\/wp-content\/uploads\/2020\/04\/IMG_6581-1-2048x1365.jpg 2048w\" sizes=\"auto, (max-width: 300px) 100vw, 300px\" \/><\/a><\/figure>\n\n\n\n<figure class=\"wp-block-image size-medium\"><a href=\"https:\/\/wdsteelworks.fi\/wp-content\/uploads\/2020\/07\/hitsaus2.jpg\"><img loading=\"lazy\" decoding=\"async\" width=\"300\" height=\"225\" data-id=\"770\" src=\"https:\/\/wdsteelworks.fi\/wp-content\/uploads\/2020\/07\/hitsaus2-300x225.jpg\" alt=\"\" class=\"wp-image-770\" srcset=\"https:\/\/wdsteelworks.fi\/wp-content\/uploads\/2020\/07\/hitsaus2-300x225.jpg 300w, https:\/\/wdsteelworks.fi\/wp-content\/uploads\/2020\/07\/hitsaus2-1024x768.jpg 1024w, https:\/\/wdsteelworks.fi\/wp-content\/uploads\/2020\/07\/hitsaus2-768x576.jpg 768w, https:\/\/wdsteelworks.fi\/wp-content\/uploads\/2020\/07\/hitsaus2.jpg 1080w\" sizes=\"auto, (max-width: 300px) 100vw, 300px\" \/><\/a><\/figure>\n\n\n\n<figure class=\"wp-block-image size-medium\"><a href=\"https:\/\/wdsteelworks.fi\/wp-content\/uploads\/2020\/07\/hitsari22.jpg\"><img loading=\"lazy\" decoding=\"async\" width=\"300\" height=\"227\" data-id=\"778\" src=\"https:\/\/wdsteelworks.fi\/wp-content\/uploads\/2020\/07\/hitsari22-300x227.jpg\" alt=\"\" class=\"wp-image-778\" srcset=\"https:\/\/wdsteelworks.fi\/wp-content\/uploads\/2020\/07\/hitsari22-300x227.jpg 300w, https:\/\/wdsteelworks.fi\/wp-content\/uploads\/2020\/07\/hitsari22-1024x775.jpg 1024w, https:\/\/wdsteelworks.fi\/wp-content\/uploads\/2020\/07\/hitsari22-768x582.jpg 768w, https:\/\/wdsteelworks.fi\/wp-content\/uploads\/2020\/07\/hitsari22.jpg 1079w\" sizes=\"auto, (max-width: 300px) 100vw, 300px\" \/><\/a><\/figure>\n\n\n\n<figure class=\"wp-block-image size-medium\"><a href=\"https:\/\/wdsteelworks.fi\/wp-content\/uploads\/2020\/07\/levyt22-scaled.jpg\"><img loading=\"lazy\" decoding=\"async\" width=\"300\" height=\"209\" data-id=\"779\" src=\"https:\/\/wdsteelworks.fi\/wp-content\/uploads\/2020\/07\/levyt22-300x209.jpg\" alt=\"\" class=\"wp-image-779\" srcset=\"https:\/\/wdsteelworks.fi\/wp-content\/uploads\/2020\/07\/levyt22-300x209.jpg 300w, https:\/\/wdsteelworks.fi\/wp-content\/uploads\/2020\/07\/levyt22-1024x715.jpg 1024w, https:\/\/wdsteelworks.fi\/wp-content\/uploads\/2020\/07\/levyt22-768x536.jpg 768w, https:\/\/wdsteelworks.fi\/wp-content\/uploads\/2020\/07\/levyt22-1536x1072.jpg 1536w, https:\/\/wdsteelworks.fi\/wp-content\/uploads\/2020\/07\/levyt22-2048x1430.jpg 2048w\" sizes=\"auto, (max-width: 300px) 100vw, 300px\" \/><\/a><\/figure>\n\n\n\n<figure class=\"wp-block-image size-medium\"><a href=\"https:\/\/wdsteelworks.fi\/wp-content\/uploads\/2024\/04\/bg-300x225.jpg\"><img loading=\"lazy\" decoding=\"async\" width=\"300\" height=\"225\" data-id=\"2340\" src=\"https:\/\/wdsteelworks.fi\/wp-content\/uploads\/2024\/04\/bg-300x225.jpg\" alt=\"\" class=\"wp-image-2340\" srcset=\"https:\/\/wdsteelworks.fi\/wp-content\/uploads\/2024\/04\/bg-300x225.jpg 300w, https:\/\/wdsteelworks.fi\/wp-content\/uploads\/2024\/04\/bg-1024x768.jpg 1024w, https:\/\/wdsteelworks.fi\/wp-content\/uploads\/2024\/04\/bg-768x576.jpg 768w, https:\/\/wdsteelworks.fi\/wp-content\/uploads\/2024\/04\/bg.jpg 1440w\" sizes=\"auto, (max-width: 300px) 100vw, 300px\" \/><\/a><\/figure>\n\n\n\n<figure class=\"wp-block-image size-full\"><a href=\"https:\/\/wdsteelworks.fi\/wp-content\/uploads\/2020\/07\/IMG_20200615_160431-scaled.jpg\"><img decoding=\"async\" data-id=\"1806\" src=\"https:\/\/wdsteelworks.fi\/wp-content\/uploads\/2020\/07\/IMG_20200615_160431-scaled.jpg\" alt=\"\" class=\"wp-image-1806\"\/><\/a><\/figure>\n<\/figure>\n\n<h2 class=\"wp-block-heading\">Konstruktionsrekommendationer f\u00f6r svetsade aluminiumkonstruktioner<\/h2>\n\n<h3 class=\"wp-block-heading\">Tjocklek p\u00e5 aluminiumkonstruktioner avsedda f\u00f6r svetsning<\/h3>\n\n<p>P\u00e5 grund av aluminiums l\u00e5ga specifika v\u00e4rmekapacitet och l\u00e5ga sm\u00e4ltpunkt rekommenderas att man anv\u00e4nder pl\u00e5tar och r\u00f6r med en v\u00e4ggtjocklek p\u00e5 minst 1 mm. Vid stora bitar rekommenderas en tjocklek p\u00e5 2 mm f\u00f6r att undvika skevhet. L\u00e4s mer om standarden <a href=\"https:\/\/sales.sfs.fi\/fi\/index\/tuotteet\/SFS\/CEN\/ID2\/1\/3382.html.stx\" target=\"_blank\" rel=\"noreferrer noopener\">SFS-EN 1011-4<\/a> (Svetsning. Svetsrekommendationer f\u00f6r metalliska material. Del 4: B\u00e5gsvetsning av aluminium och aluminiumlegeringar).<\/p>\n\n<h3 class=\"wp-block-heading\">Aluminiumlegeringar och deras svetsbarhet<\/h3>\n\n<p>F\u00f6r de vanligaste legeringarna i 5000- och 6000-serierna \u00e4r det l\u00e4mpligt att v\u00e4lja \u00e4mnen efter praktisk tillg\u00e4nglighet, eftersom de flesta legeringar l\u00e4mpar sig v\u00e4l f\u00f6r svetsning. F\u00f6r utbud och tillg\u00e4nglighet av skivtyper och profiler, se <a href=\"https:\/\/www.alumeco.fi\/\">Alumeco<\/a>, <a href=\"https:\/\/www.tibnor.fi\/tarjontamme\/materiaalit\/alumiinit\">Tibnor<\/a>, <a href=\"https:\/\/kauppa.al-men.fi\/\">Al-Men<\/a>, <a href=\"https:\/\/purso.fi\/fi\">Purso<\/a> och <a href=\"https:\/\/www.timgrei.fi\/\">Timgre<\/a> webbplatser eller kataloger. De vanligaste blandningarna inkluderar. EN AW-5083, EN AW-5754, EN AW-6060, EN AW-6063 och EN AW-6082.<\/p>\n\n<p>Vissa gjutna aluminiumlegeringar \u00e4r sv\u00e5ra att svetsa, men \u00e4ven om de \u00e4r l\u00e4mpliga f\u00f6r svetsning kan det finnas problem med h\u00f6glegering eller porositet och krympning i materialet. Med f\u00f6rv\u00e4rmning och r\u00e4tt svetsutrustning kan ett n\u00e5gorlunda bra resultat uppn\u00e5s \u00e4ven i dessa fall. <\/p>\n\n<p>F\u00f6r att uppn\u00e5 korrosionsbest\u00e4ndighet och ett rent anodiserat utseende \u00e4r det t.ex. l\u00e4mpligt att anv\u00e4nda r\u00e4tt legerad aluminiumtr\u00e5d vid svetsning. Vi har ett eget lager av garn som passar f\u00f6r de vanligaste blandningarna f\u00f6r att s\u00e4kerst\u00e4lla snabba leveranstider.<\/p>\n\n<figure class=\"wp-block-gallery has-nested-images columns-default is-cropped wp-block-gallery-2 is-layout-flex wp-block-gallery-is-layout-flex\">\n<figure class=\"wp-block-image size-medium\"><a href=\"https:\/\/wdsteelworks.fi\/wp-content\/uploads\/2024\/05\/1a-scaled.jpg\"><img loading=\"lazy\" decoding=\"async\" width=\"300\" height=\"169\" data-id=\"2612\" src=\"https:\/\/wdsteelworks.fi\/wp-content\/uploads\/2024\/05\/1a-300x169.jpg\" alt=\"\" class=\"wp-image-2612\" srcset=\"https:\/\/wdsteelworks.fi\/wp-content\/uploads\/2024\/05\/1a-300x169.jpg 300w, https:\/\/wdsteelworks.fi\/wp-content\/uploads\/2024\/05\/1a-1024x576.jpg 1024w, https:\/\/wdsteelworks.fi\/wp-content\/uploads\/2024\/05\/1a-768x432.jpg 768w, https:\/\/wdsteelworks.fi\/wp-content\/uploads\/2024\/05\/1a-1536x864.jpg 1536w, https:\/\/wdsteelworks.fi\/wp-content\/uploads\/2024\/05\/1a-2048x1152.jpg 2048w\" sizes=\"auto, (max-width: 300px) 100vw, 300px\" \/><\/a><\/figure>\n\n\n\n<figure class=\"wp-block-image size-medium\"><a href=\"https:\/\/wdsteelworks.fi\/wp-content\/uploads\/2024\/05\/1b-1-scaled.jpg\"><img loading=\"lazy\" decoding=\"async\" width=\"300\" height=\"169\" data-id=\"2628\" src=\"https:\/\/wdsteelworks.fi\/wp-content\/uploads\/2024\/05\/1b-1-300x169.jpg\" alt=\"\" class=\"wp-image-2628\" srcset=\"https:\/\/wdsteelworks.fi\/wp-content\/uploads\/2024\/05\/1b-1-300x169.jpg 300w, https:\/\/wdsteelworks.fi\/wp-content\/uploads\/2024\/05\/1b-1-1024x576.jpg 1024w, https:\/\/wdsteelworks.fi\/wp-content\/uploads\/2024\/05\/1b-1-768x432.jpg 768w, https:\/\/wdsteelworks.fi\/wp-content\/uploads\/2024\/05\/1b-1-1536x864.jpg 1536w, https:\/\/wdsteelworks.fi\/wp-content\/uploads\/2024\/05\/1b-1-2048x1152.jpg 2048w\" sizes=\"auto, (max-width: 300px) 100vw, 300px\" \/><\/a><\/figure>\n\n\n\n<figure class=\"wp-block-image size-medium\"><a href=\"https:\/\/wdsteelworks.fi\/wp-content\/uploads\/2024\/05\/BB_WD-05868-300x200.jpg\"><img loading=\"lazy\" decoding=\"async\" width=\"300\" height=\"200\" data-id=\"2619\" src=\"https:\/\/wdsteelworks.fi\/wp-content\/uploads\/2024\/05\/BB_WD-05868-300x200.jpg\" alt=\"\" class=\"wp-image-2619\" srcset=\"https:\/\/wdsteelworks.fi\/wp-content\/uploads\/2024\/05\/BB_WD-05868-300x200.jpg 300w, https:\/\/wdsteelworks.fi\/wp-content\/uploads\/2024\/05\/BB_WD-05868-1024x683.jpg 1024w, https:\/\/wdsteelworks.fi\/wp-content\/uploads\/2024\/05\/BB_WD-05868-768x512.jpg 768w, https:\/\/wdsteelworks.fi\/wp-content\/uploads\/2024\/05\/BB_WD-05868-1536x1025.jpg 1536w, https:\/\/wdsteelworks.fi\/wp-content\/uploads\/2024\/05\/BB_WD-05868-2048x1366.jpg 2048w\" sizes=\"auto, (max-width: 300px) 100vw, 300px\" \/><\/a><\/figure>\n\n\n\n<figure class=\"wp-block-image size-medium\"><a href=\"https:\/\/wdsteelworks.fi\/wp-content\/uploads\/2024\/05\/Boomeranger-11820-1005836-300x200.jpg\"><img loading=\"lazy\" decoding=\"async\" width=\"300\" height=\"200\" data-id=\"2625\" src=\"https:\/\/wdsteelworks.fi\/wp-content\/uploads\/2024\/05\/Boomeranger-11820-1005836-300x200.jpg\" alt=\"\" class=\"wp-image-2625\" srcset=\"https:\/\/wdsteelworks.fi\/wp-content\/uploads\/2024\/05\/Boomeranger-11820-1005836-300x200.jpg 300w, https:\/\/wdsteelworks.fi\/wp-content\/uploads\/2024\/05\/Boomeranger-11820-1005836-1024x684.jpg 1024w, https:\/\/wdsteelworks.fi\/wp-content\/uploads\/2024\/05\/Boomeranger-11820-1005836-768x513.jpg 768w, https:\/\/wdsteelworks.fi\/wp-content\/uploads\/2024\/05\/Boomeranger-11820-1005836-1536x1026.jpg 1536w, https:\/\/wdsteelworks.fi\/wp-content\/uploads\/2024\/05\/Boomeranger-11820-1005836-2048x1368.jpg 2048w\" sizes=\"auto, (max-width: 300px) 100vw, 300px\" \/><\/a><\/figure>\n\n\n\n<figure class=\"wp-block-image size-medium\"><a href=\"https:\/\/wdsteelworks.fi\/wp-content\/uploads\/2024\/05\/Boomeranger-11820-1005837-300x200.jpg\"><img loading=\"lazy\" decoding=\"async\" width=\"300\" height=\"200\" data-id=\"2622\" src=\"https:\/\/wdsteelworks.fi\/wp-content\/uploads\/2024\/05\/Boomeranger-11820-1005837-300x200.jpg\" alt=\"\" class=\"wp-image-2622\" srcset=\"https:\/\/wdsteelworks.fi\/wp-content\/uploads\/2024\/05\/Boomeranger-11820-1005837-300x200.jpg 300w, https:\/\/wdsteelworks.fi\/wp-content\/uploads\/2024\/05\/Boomeranger-11820-1005837-1024x684.jpg 1024w, https:\/\/wdsteelworks.fi\/wp-content\/uploads\/2024\/05\/Boomeranger-11820-1005837-768x513.jpg 768w, https:\/\/wdsteelworks.fi\/wp-content\/uploads\/2024\/05\/Boomeranger-11820-1005837-1536x1026.jpg 1536w, https:\/\/wdsteelworks.fi\/wp-content\/uploads\/2024\/05\/Boomeranger-11820-1005837-2048x1368.jpg 2048w\" sizes=\"auto, (max-width: 300px) 100vw, 300px\" \/><\/a><\/figure>\n\n\n\n<figure class=\"wp-block-image size-medium\"><a href=\"https:\/\/wdsteelworks.fi\/wp-content\/uploads\/2024\/05\/DSC04945-300x200.jpg\"><img loading=\"lazy\" decoding=\"async\" width=\"300\" height=\"200\" data-id=\"2615\" src=\"https:\/\/wdsteelworks.fi\/wp-content\/uploads\/2024\/05\/DSC04945-300x200.jpg\" alt=\"\" class=\"wp-image-2615\" srcset=\"https:\/\/wdsteelworks.fi\/wp-content\/uploads\/2024\/05\/DSC04945-300x200.jpg 300w, https:\/\/wdsteelworks.fi\/wp-content\/uploads\/2024\/05\/DSC04945-1024x683.jpg 1024w, https:\/\/wdsteelworks.fi\/wp-content\/uploads\/2024\/05\/DSC04945-768x512.jpg 768w, https:\/\/wdsteelworks.fi\/wp-content\/uploads\/2024\/05\/DSC04945-1536x1025.jpg 1536w, https:\/\/wdsteelworks.fi\/wp-content\/uploads\/2024\/05\/DSC04945-2048x1366.jpg 2048w\" sizes=\"auto, (max-width: 300px) 100vw, 300px\" \/><\/a><\/figure>\n\n\n\n<figure class=\"wp-block-image size-large\"><a href=\"https:\/\/wdsteelworks.fi\/wp-content\/uploads\/2024\/05\/laitteet-1024x768.jpg\"><img loading=\"lazy\" decoding=\"async\" width=\"1024\" height=\"768\" data-id=\"2606\" src=\"https:\/\/wdsteelworks.fi\/wp-content\/uploads\/2024\/05\/laitteet-1024x768.jpg\" alt=\"\" class=\"wp-image-2606\" srcset=\"https:\/\/wdsteelworks.fi\/wp-content\/uploads\/2024\/05\/laitteet-1024x768.jpg 1024w, https:\/\/wdsteelworks.fi\/wp-content\/uploads\/2024\/05\/laitteet-300x225.jpg 300w, https:\/\/wdsteelworks.fi\/wp-content\/uploads\/2024\/05\/laitteet-768x576.jpg 768w, https:\/\/wdsteelworks.fi\/wp-content\/uploads\/2024\/05\/laitteet.jpg 1440w\" sizes=\"auto, (max-width: 1024px) 100vw, 1024px\" \/><\/a><\/figure>\n<\/figure>\n","protected":false},"excerpt":{"rendered":"<p>Vi \u00e4r specialiserade p\u00e5 kr\u00e4vande svetsjobb med TIG- och MIG-utrustning f\u00f6r olika aluminiumdelar och sammans\u00e4ttningar. Vi svetsar professionellt aluminium (t.ex. marin aluminium AW-5754 \/ konstruktionsaluminium AW-6082 \/ gjutna aluminiumdelar). Oavsett om ditt verk \u00e4r litet eller stort, nytt eller gammalt, kontakta oss! I kombination med v\u00e5ra andra tj\u00e4nster kan vi erbjuda kr\u00e4vande och m\u00e5ngsidiga strukturer [&hellip;]<\/p>\n","protected":false},"author":1,"featured_media":0,"parent":2109,"menu_order":0,"comment_status":"closed","ping_status":"closed","template":"","meta":{"footnotes":""},"class_list":["post-2114","page","type-page","status-publish","hentry"],"_links":{"self":[{"href":"https:\/\/wdsteelworks.fi\/sv\/wp-json\/wp\/v2\/pages\/2114","targetHints":{"allow":["GET"]}}],"collection":[{"href":"https:\/\/wdsteelworks.fi\/sv\/wp-json\/wp\/v2\/pages"}],"about":[{"href":"https:\/\/wdsteelworks.fi\/sv\/wp-json\/wp\/v2\/types\/page"}],"author":[{"embeddable":true,"href":"https:\/\/wdsteelworks.fi\/sv\/wp-json\/wp\/v2\/users\/1"}],"replies":[{"embeddable":true,"href":"https:\/\/wdsteelworks.fi\/sv\/wp-json\/wp\/v2\/comments?post=2114"}],"version-history":[{"count":6,"href":"https:\/\/wdsteelworks.fi\/sv\/wp-json\/wp\/v2\/pages\/2114\/revisions"}],"predecessor-version":[{"id":2932,"href":"https:\/\/wdsteelworks.fi\/sv\/wp-json\/wp\/v2\/pages\/2114\/revisions\/2932"}],"up":[{"embeddable":true,"href":"https:\/\/wdsteelworks.fi\/sv\/wp-json\/wp\/v2\/pages\/2109"}],"wp:attachment":[{"href":"https:\/\/wdsteelworks.fi\/sv\/wp-json\/wp\/v2\/media?parent=2114"}],"curies":[{"name":"wp","href":"https:\/\/api.w.org\/{rel}","templated":true}]}}