{"id":2109,"date":"2021-08-13T07:51:57","date_gmt":"2021-08-13T07:51:57","guid":{"rendered":"https:\/\/wdsteelworks.fi\/?page_id=2109"},"modified":"2024-05-14T19:39:54","modified_gmt":"2024-05-14T19:39:54","slug":"tjanster","status":"publish","type":"page","link":"https:\/\/wdsteelworks.fi\/sv\/tjanster\/","title":{"rendered":"Tj\u00e4nster"},"content":{"rendered":"\n<p>Vi erbjuder metallkonstruktioner och kundanpassade metall\u00f6sningar f\u00f6r industri, underh\u00e5ll och privatkunder. V\u00e5ra tj\u00e4nster omfattar svetsning i aluminium och rostfritt st\u00e5l, pl\u00e5tbearbetning, maskinbearbetning och prototyptillverkning. <\/p>\n\n<p>Kr\u00e4vande svets- och pl\u00e5tarbeten \u00e4r v\u00e5ra s\u00e4rskilda styrkor, samtidigt som v\u00e5r omfattande maskinpark och v\u00e5rt partnern\u00e4tverk g\u00f6r att vi kan erbjuda mer helt\u00e4ckande l\u00f6sningar. I v\u00e5ra olika projekt kombineras ofta r\u00f6r, pl\u00e5t och maskinbearbetade delar.<\/p>\n\n<p>N\u00e4r det g\u00e4ller de material som ska bearbetas \u00e4r vi specialiserade p\u00e5 aluminium, rostfritt st\u00e5l, speciallegeringar och HDPE-plastsvetsning. Vi lagerh\u00e5ller b\u00e5de svetstr\u00e5d och olika material f\u00f6r att s\u00e4kerst\u00e4lla snabba leveranstider. Andra blandningar kan ocks\u00e5 g\u00f6ras snabbt efter behov. Beroende p\u00e5 efterfr\u00e5gan tillhandah\u00e5ller vi \u00e4ven material och klipp till amat\u00f6rer.<\/p>\n\n<div class=\"wp-block-columns is-layout-flex wp-container-core-columns-is-layout-28f84493 wp-block-columns-is-layout-flex\">\n<div class=\"wp-block-column is-layout-flow wp-block-column-is-layout-flow\">\n<h2 class=\"wp-block-heading\"><a href=\"https:\/\/wdsteelworks.fi\/sv\/tjanster\/svetsning-av-aluminium\/\">Aluminium Svetsning<\/a><\/h2>\n\n\n\n<p>Svetsning av aluminium f\u00f6r r\u00f6rdelar, pl\u00e5t, konstruktioner och reparationer \u00e4r v\u00e5r k\u00e4rnkompetens. Oavsett om formen \u00e4r l\u00e4tt eller kr\u00e4vande att svetsa och legeringen sv\u00e5rare, kan vi hj\u00e4lpa till. V\u00e5rt sortiment av TIG- och MIG-verktyg \u00e4r mycket omfattande.<\/p>\n\n\n\n<div class=\"wp-block-button extrabm\"><a class=\"wp-block-button__link wp-element-button\" href=\"https:\/\/wdsteelworks.fi\/sv\/tjanster\/svetsning-av-aluminium\/\">Se mer om svetsning av aluminium<\/a><\/div>\n<\/div>\n\n\n\n<div class=\"wp-block-column is-layout-flow wp-block-column-is-layout-flow\">\n<h2 class=\"wp-block-heading\"><a href=\"https:\/\/wdsteelworks.fi\/sv\/tjanster\/svetsning-av-rostfritt-stal\/\">Rostfri Svetsning<\/a><\/h2>\n\n\n\n<p>Svetsning av rostfritt och syrafast st\u00e5l f\u00f6r b\u00e5de sm\u00e5 och stora detaljer kan utf\u00f6ras med h\u00f6g kvalitet tack vare v\u00e5rt breda utbud av verktyg. V\u00e5rt utbildade och kvalificerade team kan svetsa struktur efter struktur utan problem.<\/p>\n\n\n\n<div class=\"wp-block-button\"><a class=\"wp-block-button__link wp-element-button\" href=\"https:\/\/wdsteelworks.fi\/sv\/tjanster\/svetsning-av-rostfritt-stal\/\">L\u00e4s mer om svetsschema<\/a><\/div>\n<\/div>\n<\/div>\n\n<div class=\"wp-block-columns is-layout-flex wp-container-core-columns-is-layout-28f84493 wp-block-columns-is-layout-flex\">\n<div class=\"wp-block-column is-layout-flow wp-block-column-is-layout-flow\">\n<h2 class=\"wp-block-heading\"><a href=\"https:\/\/wdsteelworks.fi\/sv\/tjanster\/platarbete-och-bearbetning\/\">Pl\u00e5tbearbetning och maskinbearbetning<\/a><\/h2>\n\n\n\n<p>Fr\u00e5n enstaka ark till sm\u00e5 serier, vi kan g\u00f6ra det p\u00e5 ett effektivt s\u00e4tt. F\u00f6rutom skarvning och kantning av pl\u00e5t \u00e4r svetsade konstruktioner f\u00f6r tunn- och grovpl\u00e5t v\u00e5r styrka. Med ett starkt n\u00e4tverk av partners kan bearbetade delar ocks\u00e5 kombineras till olika sammans\u00e4ttningar.<\/p>\n\n\n\n<div class=\"wp-block-button extrabm\"><a class=\"wp-block-button__link wp-element-button\" href=\"https:\/\/wdsteelworks.fi\/sv\/tjanster\/platarbete-och-bearbetning\/\">L\u00e4s mer om pl\u00e5tbearbetning och maskinbearbetning<\/a><\/div>\n<\/div>\n\n\n\n<div class=\"wp-block-column is-layout-flow wp-block-column-is-layout-flow\">\n<h2 class=\"wp-block-heading\"><a href=\"https:\/\/wdsteelworks.fi\/sv\/tjanster\/prototyptjanster-och-design\/\">Prototypframtagning och design<\/a><\/h2>\n\n\n\n<p>Vi erbjuder tj\u00e4nster inom prototyptillverkning, design, konstruktion och installation av metalldelar och metallkonstruktioner. Med v\u00e5r l\u00e5nga erfarenhet inom metallindustrin och v\u00e5r kunskap om olika branscher kan vi erbjuda helhetsl\u00f6sningar fr\u00e5n b\u00f6rjan till slut. V\u00e5r know-how och v\u00e5rt omfattande utbud av utrustning m\u00f6jligg\u00f6r snabba leveranser.<\/p>\n\n\n\n<div class=\"wp-block-button\"><a class=\"wp-block-button__link wp-element-button\" href=\"https:\/\/wdsteelworks.fi\/sv\/tjanster\/prototyptjanster-och-design\/\">Uppt\u00e4ck v\u00e5ra prototyp- och designtj\u00e4nster<\/a><\/div>\n<\/div>\n<\/div>\n\n<div class=\"wp-block-columns is-layout-flex wp-container-core-columns-is-layout-28f84493 wp-block-columns-is-layout-flex\">\n<div class=\"wp-block-column is-layout-flow wp-block-column-is-layout-flow\">\n<h2 class=\"wp-block-heading\"><a href=\"https:\/\/wdsteelworks.fi\/sv\/tjanster\/vattenskarning\/\" data-type=\"page\" data-id=\"2375\">Vattensk\u00e4rning<\/a><\/h2>\n\n\n\n<p>Vi erbjuder flexibel vattensk\u00e4rning av v\u00e5ra lagermaterial, andra pl\u00e5tar och ditt eget material. Dessutom erbjuder vi efterbearbetning, fasning, kantning, svetsning och montering av skurna delar.<\/p>\n\n\n\n<div class=\"wp-block-button\"><a class=\"wp-block-button__link wp-element-button\" href=\"https:\/\/wdsteelworks.fi\/sv\/tjanster\/vattenskarning\/\">L\u00e4r k\u00e4nna v\u00e5ra vattensk\u00e4rningstj\u00e4nster<\/a><\/div>\n<\/div>\n\n\n\n<div class=\"wp-block-column is-layout-flow wp-block-column-is-layout-flow\">\n<h2 class=\"wp-block-heading has-custom-v-ri-1-color has-text-color has-link-color wp-elements-d7b4cf210de08c9a5d98e7acc762151f\"><a href=\"https:\/\/wdsteelworks.fi\/sv\/wds-marine\/\" data-type=\"page\" data-id=\"2330\">WDS Marine<\/a><\/h2>\n\n\n\n<p>Vi tillverkar aluminiumb\u00e5tar, HDPE b\u00e5tramar, delar, strukturer och erbjuder designservice f\u00f6r dessa. Vi reparerar \u00e4ven svets- och eftermonteringsutrustning av aluminium, galler och HDPE-plast.<\/p>\n\n\n\n<div class=\"wp-block-button\"><a class=\"wp-block-button__link wp-element-button\" href=\"https:\/\/wdsteelworks.fi\/sv\/wds-marine\/\">L\u00e4s mer p\u00e5 WDS Marine<\/a><\/div>\n<\/div>\n<\/div>\n\n<p>Ta en n\u00e4rmare titt p\u00e5 <a href=\"https:\/\/wdsteelworks.fi\/sv\/referenser\/\">v\u00e5ra referenser <\/a>eller <a href=\"https:\/\/wdsteelworks.fi\/sv\/kontakter\/\">kontakta oss<\/a>! Oavsett om dina behov \u00e4r stora eller sm\u00e5, kan vi hj\u00e4lpa dig!<\/p>\n","protected":false},"excerpt":{"rendered":"<p>Vi erbjuder metallkonstruktioner och kundanpassade metall\u00f6sningar f\u00f6r industri, underh\u00e5ll och privatkunder. V\u00e5ra tj\u00e4nster omfattar svetsning i aluminium och rostfritt st\u00e5l, pl\u00e5tbearbetning, maskinbearbetning och prototyptillverkning. Kr\u00e4vande svets- och pl\u00e5tarbeten \u00e4r v\u00e5ra s\u00e4rskilda styrkor, samtidigt som v\u00e5r omfattande maskinpark och v\u00e5rt partnern\u00e4tverk g\u00f6r att vi kan erbjuda mer helt\u00e4ckande l\u00f6sningar. I v\u00e5ra olika projekt kombineras ofta r\u00f6r, [&hellip;]<\/p>\n","protected":false},"author":1,"featured_media":0,"parent":0,"menu_order":1,"comment_status":"closed","ping_status":"closed","template":"","meta":{"footnotes":""},"class_list":["post-2109","page","type-page","status-publish","hentry"],"_links":{"self":[{"href":"https:\/\/wdsteelworks.fi\/sv\/wp-json\/wp\/v2\/pages\/2109","targetHints":{"allow":["GET"]}}],"collection":[{"href":"https:\/\/wdsteelworks.fi\/sv\/wp-json\/wp\/v2\/pages"}],"about":[{"href":"https:\/\/wdsteelworks.fi\/sv\/wp-json\/wp\/v2\/types\/page"}],"author":[{"embeddable":true,"href":"https:\/\/wdsteelworks.fi\/sv\/wp-json\/wp\/v2\/users\/1"}],"replies":[{"embeddable":true,"href":"https:\/\/wdsteelworks.fi\/sv\/wp-json\/wp\/v2\/comments?post=2109"}],"version-history":[{"count":11,"href":"https:\/\/wdsteelworks.fi\/sv\/wp-json\/wp\/v2\/pages\/2109\/revisions"}],"predecessor-version":[{"id":3033,"href":"https:\/\/wdsteelworks.fi\/sv\/wp-json\/wp\/v2\/pages\/2109\/revisions\/3033"}],"wp:attachment":[{"href":"https:\/\/wdsteelworks.fi\/sv\/wp-json\/wp\/v2\/media?parent=2109"}],"curies":[{"name":"wp","href":"https:\/\/api.w.org\/{rel}","templated":true}]}}