{"id":2107,"date":"2021-08-13T07:51:42","date_gmt":"2021-08-13T07:51:42","guid":{"rendered":"https:\/\/wdsteelworks.fi\/?page_id=2107"},"modified":"2024-05-14T19:10:53","modified_gmt":"2024-05-14T19:10:53","slug":"foretag","status":"publish","type":"page","link":"https:\/\/wdsteelworks.fi\/sv\/","title":{"rendered":"WD Steelworks"},"content":{"rendered":"\n<div class=\"wp-block-group is-content-justification-space-between is-layout-flex wp-container-core-group-is-layout-c8f570ae wp-block-group-is-layout-flex\" style=\"border-style:none;border-width:0px\">\n<div class=\"wp-block-group wp-container-content-c5cd0a43 is-vertical is-layout-flex wp-container-core-group-is-layout-e1300cac wp-block-group-is-layout-flex\">\n<p>WD Steelworks Oy erbjuder metalltj\u00e4nster under ett och samma tak. Vi erbjuder svetsning, pl\u00e5tbearbetning, konstruktionsdesign och prototyper i aluminium och rostfritt st\u00e5l.<\/p>\n\n\n\n<p>Vi erbjuder metallkonstruktioner och kundanpassade metall\u00f6sningar f\u00f6r b\u00e5t-, marin-, f\u00f6rsvarsmateriel- och processindustrin. Vi tillgodoser ocks\u00e5 dina behov av metalldelar till transportutrustning, motorer och hush\u00e5llsapparater. Vi \u00e4r s\u00e4rskilt specialiserade p\u00e5 svetsning av aluminium samt rostfritt och syrafast st\u00e5l. Med v\u00e5r m\u00e5ngsidiga maskinpark kan vi effektivt tillverka \u00e4ven de mest kr\u00e4vande konstruktioner, fr\u00e5n prototyper och sm\u00e5 serier till st\u00f6rre leveranser.<\/p>\n\n\n\n<p>V\u00e5ra styrkor \u00e4r kvalitet, \u00f6verenskomna tidsplaner, omfattande expertis och ett utm\u00e4rkt samarbetsn\u00e4tverk. Vi kan f\u00f6rse dig med de strukturer du beh\u00f6ver p\u00e5 nyckelf\u00e4rdig basis, \u00e4ven designade och ytbehandlade!<\/p>\n<\/div>\n\n\n\n<div class=\"wp-block-group has-border-color wp-container-content-dc435e0d is-vertical is-content-justification-stretch is-layout-flex wp-container-core-group-is-layout-a0ec9d7b wp-block-group-is-layout-flex\" style=\"border-color:#c3d600;border-width:4px;border-radius:0px;margin-top:var(--wp--preset--spacing--20);padding-top:0;padding-bottom:var(--wp--preset--spacing--10);padding-left:0\">\n<figure class=\"wp-block-image size-medium is-resized has-custom-border\"><img loading=\"lazy\" decoding=\"async\" width=\"300\" height=\"169\" src=\"https:\/\/wdsteelworks.fi\/wp-content\/uploads\/2024\/05\/15-300x169.jpg\" alt=\"\" class=\"wp-image-2849\" style=\"border-style:none;border-width:0px;width:352px;height:auto\" srcset=\"https:\/\/wdsteelworks.fi\/wp-content\/uploads\/2024\/05\/15-300x169.jpg 300w, https:\/\/wdsteelworks.fi\/wp-content\/uploads\/2024\/05\/15-1024x576.jpg 1024w, https:\/\/wdsteelworks.fi\/wp-content\/uploads\/2024\/05\/15-768x432.jpg 768w, https:\/\/wdsteelworks.fi\/wp-content\/uploads\/2024\/05\/15-1536x864.jpg 1536w, https:\/\/wdsteelworks.fi\/wp-content\/uploads\/2024\/05\/15-2048x1152.jpg 2048w\" sizes=\"auto, (max-width: 300px) 100vw, 300px\" \/><\/figure>\n\n\n\n<p class=\"has-text-align-center has-custom-v-ri-1-color has-text-color has-link-color wp-elements-4dfe9728f4a6b9f1240b3053da758572 wp-container-content-006212af\"><strong><a href=\"https:\/\/wdsteelworks.fi\/sv\/tjanster\/vattenskarning\/\" data-type=\"page\" data-id=\"2375\">Vattensk\u00e4rning upp till 6x2m!<\/a><\/strong><\/p>\n\n\n\n<p class=\"has-text-align-center has-small-font-size\"><em>Vi lagerh\u00e5ller material f\u00f6r snabb leverans och kapar \u00e4ven kundmaterial.<\/em><\/p>\n\n\n\n<p class=\"has-text-align-center\"><strong>Anbudsinfordringar och best\u00e4llningar<\/strong><br\/><a href=\"mailto:vesileikkaus@wdsteelworks.fi\">vesileikkaus@<wbr>wdsteelworks.fi<\/wbr><\/a><br\/><a href=\"tel:+358443049293\">+358 44 304 9293<\/a><\/p>\n<\/div>\n<\/div>\n\n<p>WD Steelworks Oy \u00e4r ett metallbearbetningsf\u00f6retag som startade sin verksamhet 2006. V\u00e5rt nya rymliga kontor ligger i Valko hamn i Lovisa, och vid behov arbetar vi \u00e4ven ute hos kunder i n\u00e4romr\u00e5det. <\/p>\n\n<p>Vi f\u00f6ljer certifierade kvalitetssystem enligt <a rel=\"noreferrer noopener\" href=\"https:\/\/wdsteelworks.fi\/wp-content\/uploads\/2021\/08\/WD-Steelworks-9001-2021-2024-FI.pdf\" data-type=\"URL\" data-id=\"https:\/\/wdsteelworks.fi\/wp-content\/uploads\/2021\/08\/WD-Steelworks-9001-2021-2024-FI.pdf\" target=\"_blank\">ISO 9001<\/a> och <a rel=\"noreferrer noopener\" href=\"https:\/\/wdsteelworks.fi\/wp-content\/uploads\/2021\/08\/WD-Steelworks-3834-2-2021-2024-FI.pdf\" data-type=\"URL\" data-id=\"https:\/\/wdsteelworks.fi\/wp-content\/uploads\/2021\/08\/WD-Steelworks-3834-2-2021-2024-FI.pdf\" target=\"_blank\">ISO 3834-2<\/a> i v\u00e5r maskinverkstad, och alla v\u00e5ra svetsare \u00e4r certifierade enligt ISO 9606. Vi anv\u00e4nder en extern tj\u00e4nst f\u00f6r IWS och IWE svetskoordinering och har WPS-svetsinstruktioner f\u00f6r aluminium, rostfritt st\u00e5l och duplexst\u00e5l. Vi \u00e4r registrerade som en <a href=\"https:\/\/zeckit.com\/selvitys\/FI\/2695363-5?section=quickcheck\" data-type=\"URL\" data-id=\"https:\/\/zeckit.com\/selvitys\/FI\/2695363-5?section=quickcheck\" target=\"_blank\" rel=\"noreferrer noopener\">P\u00e5litlig Partner<\/a>.<\/p>\n\n<p>L\u00e4s mer <a href=\"https:\/\/wdsteelworks.fi\/sv\/tjanster\/\">om v\u00e5ra tj\u00e4nster<\/a>, <a href=\"https:\/\/wdsteelworks.fi\/sv\/referenser\/\">v\u00e5ra referenser<\/a> eller <a href=\"https:\/\/wdsteelworks.fi\/sv\/kontakter\/\">kontakta<\/a> oss!<\/p>\n\n<figure class=\"wp-block-gallery has-nested-images columns-3 is-cropped wp-block-gallery-1 is-layout-flex wp-block-gallery-is-layout-flex\">\n<figure class=\"wp-block-image size-medium\"><a href=\"https:\/\/wdsteelworks.fi\/sv\/tjanster\/svetsning-av-aluminium\/\"><img loading=\"lazy\" decoding=\"async\" width=\"300\" height=\"169\" data-id=\"2843\" src=\"https:\/\/wdsteelworks.fi\/wp-content\/uploads\/2024\/05\/6-1-300x169.jpg\" alt=\"\" class=\"wp-image-2843\" srcset=\"https:\/\/wdsteelworks.fi\/wp-content\/uploads\/2024\/05\/6-1-300x169.jpg 300w, https:\/\/wdsteelworks.fi\/wp-content\/uploads\/2024\/05\/6-1-1024x576.jpg 1024w, https:\/\/wdsteelworks.fi\/wp-content\/uploads\/2024\/05\/6-1-768x432.jpg 768w, https:\/\/wdsteelworks.fi\/wp-content\/uploads\/2024\/05\/6-1-1536x864.jpg 1536w, https:\/\/wdsteelworks.fi\/wp-content\/uploads\/2024\/05\/6-1-2048x1152.jpg 2048w\" sizes=\"auto, (max-width: 300px) 100vw, 300px\" \/><\/a><figcaption class=\"wp-element-caption\"><a href=\"https:\/\/wdsteelworks.fi\/sv\/tjanster\/svetsning-av-aluminium\/\" data-type=\"page\" data-id=\"113\">Aluminium Svetsning<\/a><\/figcaption><\/figure>\n\n\n\n<figure class=\"wp-block-image size-medium\"><a href=\"https:\/\/wdsteelworks.fi\/sv\/tjanster\/svetsning-av-rostfritt-stal\/\"><img loading=\"lazy\" decoding=\"async\" width=\"300\" height=\"200\" data-id=\"1413\" src=\"https:\/\/wdsteelworks.fi\/wp-content\/uploads\/2020\/04\/IMG_7237-300x200.jpg\" alt=\"\" class=\"wp-image-1413\" srcset=\"https:\/\/wdsteelworks.fi\/wp-content\/uploads\/2020\/04\/IMG_7237-300x200.jpg 300w, https:\/\/wdsteelworks.fi\/wp-content\/uploads\/2020\/04\/IMG_7237-1024x683.jpg 1024w, https:\/\/wdsteelworks.fi\/wp-content\/uploads\/2020\/04\/IMG_7237-768x512.jpg 768w, https:\/\/wdsteelworks.fi\/wp-content\/uploads\/2020\/04\/IMG_7237-1536x1024.jpg 1536w, https:\/\/wdsteelworks.fi\/wp-content\/uploads\/2020\/04\/IMG_7237-2048x1365.jpg 2048w\" sizes=\"auto, (max-width: 300px) 100vw, 300px\" \/><\/a><figcaption class=\"wp-element-caption\"><a href=\"https:\/\/wdsteelworks.fi\/sv\/tjanster\/svetsning-av-rostfritt-stal\/\" data-type=\"page\" data-id=\"115\">Rostfri Svetsning<\/a><\/figcaption><\/figure>\n\n\n\n<figure class=\"wp-block-image size-medium\"><a href=\"https:\/\/wdsteelworks.fi\/sv\/tjanster\/platarbete-och-bearbetning\/\"><img loading=\"lazy\" decoding=\"async\" width=\"300\" height=\"169\" data-id=\"2846\" src=\"https:\/\/wdsteelworks.fi\/wp-content\/uploads\/2024\/05\/22-3-300x169.jpg\" alt=\"\" class=\"wp-image-2846\" srcset=\"https:\/\/wdsteelworks.fi\/wp-content\/uploads\/2024\/05\/22-3-300x169.jpg 300w, https:\/\/wdsteelworks.fi\/wp-content\/uploads\/2024\/05\/22-3-1024x576.jpg 1024w, https:\/\/wdsteelworks.fi\/wp-content\/uploads\/2024\/05\/22-3-768x432.jpg 768w, https:\/\/wdsteelworks.fi\/wp-content\/uploads\/2024\/05\/22-3-1536x864.jpg 1536w, https:\/\/wdsteelworks.fi\/wp-content\/uploads\/2024\/05\/22-3-2048x1152.jpg 2048w\" sizes=\"auto, (max-width: 300px) 100vw, 300px\" \/><\/a><figcaption class=\"wp-element-caption\"><a href=\"https:\/\/wdsteelworks.fi\/sv\/tjanster\/platarbete-och-bearbetning\/\" data-type=\"page\" data-id=\"117\">Pl\u00e5tbearbetning &amp; CNC<\/a><\/figcaption><\/figure>\n\n\n\n<figure class=\"wp-block-image size-medium\"><a href=\"https:\/\/wdsteelworks.fi\/sv\/tjanster\/prototyptjanster-och-design\/\"><img loading=\"lazy\" decoding=\"async\" width=\"300\" height=\"225\" data-id=\"765\" src=\"https:\/\/wdsteelworks.fi\/wp-content\/uploads\/2020\/07\/suunnittelu41-300x225.jpg\" alt=\"\" class=\"wp-image-765\" srcset=\"https:\/\/wdsteelworks.fi\/wp-content\/uploads\/2020\/07\/suunnittelu41-300x225.jpg 300w, https:\/\/wdsteelworks.fi\/wp-content\/uploads\/2020\/07\/suunnittelu41-1024x768.jpg 1024w, https:\/\/wdsteelworks.fi\/wp-content\/uploads\/2020\/07\/suunnittelu41-768x576.jpg 768w, https:\/\/wdsteelworks.fi\/wp-content\/uploads\/2020\/07\/suunnittelu41.jpg 1080w\" sizes=\"auto, (max-width: 300px) 100vw, 300px\" \/><\/a><figcaption class=\"wp-element-caption\"><a href=\"https:\/\/wdsteelworks.fi\/sv\/tjanster\/prototyptjanster-och-design\/\" data-type=\"page\" data-id=\"98\">Prototyp &amp; Design<\/a><\/figcaption><\/figure>\n\n\n\n<figure class=\"wp-block-image size-full\"><a href=\"https:\/\/wdsteelworks.fi\/sv\/tjanster\/vattenskarning\/\"><img decoding=\"async\" data-id=\"2543\" src=\"https:\/\/wdsteelworks.fi\/wp-content\/uploads\/2024\/04\/18-1.jpg\" alt=\"\" class=\"wp-image-2543\"\/><\/a><figcaption class=\"wp-element-caption\"><a href=\"https:\/\/wdsteelworks.fi\/sv\/tjanster\/vattenskarning\/\" data-type=\"page\" data-id=\"2375\">Vattensk\u00e4rning<\/a><\/figcaption><\/figure>\n<\/figure>\n","protected":false},"excerpt":{"rendered":"<p>WD Steelworks Oy erbjuder metalltj\u00e4nster under ett och samma tak. Vi erbjuder svetsning, pl\u00e5tbearbetning, konstruktionsdesign och prototyper i aluminium och rostfritt st\u00e5l. Vi erbjuder metallkonstruktioner och kundanpassade metall\u00f6sningar f\u00f6r b\u00e5t-, marin-, f\u00f6rsvarsmateriel- och processindustrin. Vi tillgodoser ocks\u00e5 dina behov av metalldelar till transportutrustning, motorer och hush\u00e5llsapparater. Vi \u00e4r s\u00e4rskilt specialiserade p\u00e5 svetsning av aluminium samt [&hellip;]<\/p>\n","protected":false},"author":1,"featured_media":0,"parent":0,"menu_order":0,"comment_status":"closed","ping_status":"closed","template":"wp-custom-template-front-page-with-video","meta":{"footnotes":""},"class_list":["post-2107","page","type-page","status-publish","hentry"],"_links":{"self":[{"href":"https:\/\/wdsteelworks.fi\/sv\/wp-json\/wp\/v2\/pages\/2107","targetHints":{"allow":["GET"]}}],"collection":[{"href":"https:\/\/wdsteelworks.fi\/sv\/wp-json\/wp\/v2\/pages"}],"about":[{"href":"https:\/\/wdsteelworks.fi\/sv\/wp-json\/wp\/v2\/types\/page"}],"author":[{"embeddable":true,"href":"https:\/\/wdsteelworks.fi\/sv\/wp-json\/wp\/v2\/users\/1"}],"replies":[{"embeddable":true,"href":"https:\/\/wdsteelworks.fi\/sv\/wp-json\/wp\/v2\/comments?post=2107"}],"version-history":[{"count":14,"href":"https:\/\/wdsteelworks.fi\/sv\/wp-json\/wp\/v2\/pages\/2107\/revisions"}],"predecessor-version":[{"id":2978,"href":"https:\/\/wdsteelworks.fi\/sv\/wp-json\/wp\/v2\/pages\/2107\/revisions\/2978"}],"wp:attachment":[{"href":"https:\/\/wdsteelworks.fi\/sv\/wp-json\/wp\/v2\/media?parent=2107"}],"curies":[{"name":"wp","href":"https:\/\/api.w.org\/{rel}","templated":true}]}}